{"id":140,"date":"2025-08-31T16:44:13","date_gmt":"2025-08-31T14:44:13","guid":{"rendered":"https:\/\/seubert-fruechte.de\/?post_type=product&#038;p=140"},"modified":"2025-09-04T16:16:44","modified_gmt":"2025-09-04T14:16:44","slug":"tellerpfirsich","status":"publish","type":"product","link":"https:\/\/seubert-fruechte.de\/index.php\/produkt\/tellerpfirsich\/","title":{"rendered":"Tellerpfirsich"},"content":{"rendered":"<p data-start=\"136\" data-end=\"366\">Die <strong data-start=\"596\" data-end=\"615\">Tellerpfirsiche<\/strong>, auch bekannt als <strong data-start=\"634\" data-end=\"648\">Paraguayos<\/strong>, sind die trendige Variante des klassischen Pfirsichs. Mit ihrer flachen, runden Form, dem saftig-s\u00fc\u00dfen Fruchtfleisch und dem intensiven Duft erfreuen sie sich gro\u00dfer Beliebtheit \u2013 nicht nur im Einzelhandel, sondern auch in der gehobenen Gastronomie. Ihr wei\u00dfes Fruchtfleisch ist besonders aromatisch, die Schale zart und gut essbar. Ideal f\u00fcr den Sommerverkauf, als Snack oder f\u00fcr kreative Fruchtkreationen.<\/p>\n<p data-start=\"136\" data-end=\"366\"><strong>Verpackung:\u00a0\u00a0<\/strong>je Verpackung 5kg<\/p>\n<p data-start=\"136\" data-end=\"366\"><strong>Hinweis zur Menge:\u00a0<\/strong><\/p>\n<p data-start=\"136\" data-end=\"366\">Menge 1 entspricht einer Kiste<\/p>\n","protected":false},"excerpt":{"rendered":"<p>Die Tellerpfirsiche, auch bekannt als Paraguayos, sind die trendige Variante des klassischen Pfirsichs. Mit ihrer flachen, runden Form, dem saftig-s\u00fc\u00dfen Fruchtfleisch und dem intensiven Duft erfreuen sie sich gro\u00dfer Beliebtheit \u2013 nicht nur im Einzelhandel, sondern auch in der gehobenen Gastronomie. Ihr wei\u00dfes Fruchtfleisch ist besonders aromatisch, die Schale zart und gut essbar. Ideal f\u00fcr [&hellip;]<\/p>\n","protected":false},"featured_media":141,"comment_status":"closed","ping_status":"closed","template":"","meta":[],"product_brand":[],"product_cat":[19],"product_tag":[],"class_list":{"0":"post-140","1":"product","2":"type-product","3":"status-publish","4":"has-post-thumbnail","6":"product_cat-obst","8":"first","9":"instock","10":"shipping-taxable","11":"purchasable","12":"product-type-simple"},"yoast_head":"<!-- This site is optimized with the Yoast SEO plugin v26.1.1 - https:\/\/yoast.com\/wordpress\/plugins\/seo\/ -->\n<title>Tellerpfirsich - Seubert Fr\u00fcchte<\/title>\n<meta name=\"robots\" content=\"index, follow, max-snippet:-1, max-image-preview:large, max-video-preview:-1\" \/>\n<link rel=\"canonical\" href=\"https:\/\/seubert-fruechte.de\/index.php\/produkt\/tellerpfirsich\/\" \/>\n<meta property=\"og:locale\" content=\"de_DE\" \/>\n<meta property=\"og:type\" content=\"article\" \/>\n<meta property=\"og:title\" content=\"Tellerpfirsich - Seubert Fr\u00fcchte\" \/>\n<meta property=\"og:description\" content=\"Die Tellerpfirsiche, auch bekannt als Paraguayos, sind die trendige Variante des klassischen Pfirsichs. Mit ihrer flachen, runden Form, dem saftig-s\u00fc\u00dfen Fruchtfleisch und dem intensiven Duft erfreuen sie sich gro\u00dfer Beliebtheit \u2013 nicht nur im Einzelhandel, sondern auch in der gehobenen Gastronomie. Ihr wei\u00dfes Fruchtfleisch ist besonders aromatisch, die Schale zart und gut essbar. Ideal f\u00fcr [&hellip;]\" \/>\n<meta property=\"og:url\" content=\"https:\/\/seubert-fruechte.de\/index.php\/produkt\/tellerpfirsich\/\" \/>\n<meta property=\"og:site_name\" content=\"Seubert Fr\u00fcchte\" \/>\n<meta property=\"article:modified_time\" content=\"2025-09-04T14:16:44+00:00\" \/>\n<meta property=\"og:image\" content=\"https:\/\/seubert-fruechte.de\/wp-content\/uploads\/2025\/08\/Tellerpfirsich.jpg\" \/>\n\t<meta property=\"og:image:width\" content=\"1280\" \/>\n\t<meta property=\"og:image:height\" content=\"960\" \/>\n\t<meta property=\"og:image:type\" content=\"image\/jpeg\" \/>\n<meta name=\"twitter:card\" content=\"summary_large_image\" \/>\n<meta name=\"twitter:label1\" content=\"Gesch\u00e4tzte Lesezeit\" \/>\n\t<meta name=\"twitter:data1\" content=\"1\u00a0Minute\" \/>\n<script type=\"application\/ld+json\" class=\"yoast-schema-graph\">{\"@context\":\"https:\/\/schema.org\",\"@graph\":[{\"@type\":\"WebPage\",\"@id\":\"https:\/\/seubert-fruechte.de\/index.php\/produkt\/tellerpfirsich\/\",\"url\":\"https:\/\/seubert-fruechte.de\/index.php\/produkt\/tellerpfirsich\/\",\"name\":\"Tellerpfirsich - Seubert Fr\u00fcchte\",\"isPartOf\":{\"@id\":\"https:\/\/seubert-fruechte.de\/#website\"},\"primaryImageOfPage\":{\"@id\":\"https:\/\/seubert-fruechte.de\/index.php\/produkt\/tellerpfirsich\/#primaryimage\"},\"image\":{\"@id\":\"https:\/\/seubert-fruechte.de\/index.php\/produkt\/tellerpfirsich\/#primaryimage\"},\"thumbnailUrl\":\"https:\/\/seubert-fruechte.de\/wp-content\/uploads\/2025\/08\/Tellerpfirsich.jpg\",\"datePublished\":\"2025-08-31T14:44:13+00:00\",\"dateModified\":\"2025-09-04T14:16:44+00:00\",\"breadcrumb\":{\"@id\":\"https:\/\/seubert-fruechte.de\/index.php\/produkt\/tellerpfirsich\/#breadcrumb\"},\"inLanguage\":\"de\",\"potentialAction\":[{\"@type\":\"ReadAction\",\"target\":[\"https:\/\/seubert-fruechte.de\/index.php\/produkt\/tellerpfirsich\/\"]}]},{\"@type\":\"ImageObject\",\"inLanguage\":\"de\",\"@id\":\"https:\/\/seubert-fruechte.de\/index.php\/produkt\/tellerpfirsich\/#primaryimage\",\"url\":\"https:\/\/seubert-fruechte.de\/wp-content\/uploads\/2025\/08\/Tellerpfirsich.jpg\",\"contentUrl\":\"https:\/\/seubert-fruechte.de\/wp-content\/uploads\/2025\/08\/Tellerpfirsich.jpg\",\"width\":1280,\"height\":960},{\"@type\":\"BreadcrumbList\",\"@id\":\"https:\/\/seubert-fruechte.de\/index.php\/produkt\/tellerpfirsich\/#breadcrumb\",\"itemListElement\":[{\"@type\":\"ListItem\",\"position\":1,\"name\":\"Startseite\",\"item\":\"https:\/\/seubert-fruechte.de\/\"},{\"@type\":\"ListItem\",\"position\":2,\"name\":\"Shop\",\"item\":\"https:\/\/seubert-fruechte.de\/index.php\/shop\/\"},{\"@type\":\"ListItem\",\"position\":3,\"name\":\"Tellerpfirsich\"}]},{\"@type\":\"WebSite\",\"@id\":\"https:\/\/seubert-fruechte.de\/#website\",\"url\":\"https:\/\/seubert-fruechte.de\/\",\"name\":\"Seubert Fr\u00fcchte\",\"description\":\"\",\"potentialAction\":[{\"@type\":\"SearchAction\",\"target\":{\"@type\":\"EntryPoint\",\"urlTemplate\":\"https:\/\/seubert-fruechte.de\/?s={search_term_string}\"},\"query-input\":{\"@type\":\"PropertyValueSpecification\",\"valueRequired\":true,\"valueName\":\"search_term_string\"}}],\"inLanguage\":\"de\"}]}<\/script>\n<!-- \/ Yoast SEO plugin. -->","yoast_head_json":{"title":"Tellerpfirsich - Seubert Fr\u00fcchte","robots":{"index":"index","follow":"follow","max-snippet":"max-snippet:-1","max-image-preview":"max-image-preview:large","max-video-preview":"max-video-preview:-1"},"canonical":"https:\/\/seubert-fruechte.de\/index.php\/produkt\/tellerpfirsich\/","og_locale":"de_DE","og_type":"article","og_title":"Tellerpfirsich - Seubert Fr\u00fcchte","og_description":"Die Tellerpfirsiche, auch bekannt als Paraguayos, sind die trendige Variante des klassischen Pfirsichs. Mit ihrer flachen, runden Form, dem saftig-s\u00fc\u00dfen Fruchtfleisch und dem intensiven Duft erfreuen sie sich gro\u00dfer Beliebtheit \u2013 nicht nur im Einzelhandel, sondern auch in der gehobenen Gastronomie. Ihr wei\u00dfes Fruchtfleisch ist besonders aromatisch, die Schale zart und gut essbar. Ideal f\u00fcr [&hellip;]","og_url":"https:\/\/seubert-fruechte.de\/index.php\/produkt\/tellerpfirsich\/","og_site_name":"Seubert Fr\u00fcchte","article_modified_time":"2025-09-04T14:16:44+00:00","og_image":[{"width":1280,"height":960,"url":"https:\/\/seubert-fruechte.de\/wp-content\/uploads\/2025\/08\/Tellerpfirsich.jpg","type":"image\/jpeg"}],"twitter_card":"summary_large_image","twitter_misc":{"Gesch\u00e4tzte Lesezeit":"1\u00a0Minute"},"schema":{"@context":"https:\/\/schema.org","@graph":[{"@type":"WebPage","@id":"https:\/\/seubert-fruechte.de\/index.php\/produkt\/tellerpfirsich\/","url":"https:\/\/seubert-fruechte.de\/index.php\/produkt\/tellerpfirsich\/","name":"Tellerpfirsich - Seubert Fr\u00fcchte","isPartOf":{"@id":"https:\/\/seubert-fruechte.de\/#website"},"primaryImageOfPage":{"@id":"https:\/\/seubert-fruechte.de\/index.php\/produkt\/tellerpfirsich\/#primaryimage"},"image":{"@id":"https:\/\/seubert-fruechte.de\/index.php\/produkt\/tellerpfirsich\/#primaryimage"},"thumbnailUrl":"https:\/\/seubert-fruechte.de\/wp-content\/uploads\/2025\/08\/Tellerpfirsich.jpg","datePublished":"2025-08-31T14:44:13+00:00","dateModified":"2025-09-04T14:16:44+00:00","breadcrumb":{"@id":"https:\/\/seubert-fruechte.de\/index.php\/produkt\/tellerpfirsich\/#breadcrumb"},"inLanguage":"de","potentialAction":[{"@type":"ReadAction","target":["https:\/\/seubert-fruechte.de\/index.php\/produkt\/tellerpfirsich\/"]}]},{"@type":"ImageObject","inLanguage":"de","@id":"https:\/\/seubert-fruechte.de\/index.php\/produkt\/tellerpfirsich\/#primaryimage","url":"https:\/\/seubert-fruechte.de\/wp-content\/uploads\/2025\/08\/Tellerpfirsich.jpg","contentUrl":"https:\/\/seubert-fruechte.de\/wp-content\/uploads\/2025\/08\/Tellerpfirsich.jpg","width":1280,"height":960},{"@type":"BreadcrumbList","@id":"https:\/\/seubert-fruechte.de\/index.php\/produkt\/tellerpfirsich\/#breadcrumb","itemListElement":[{"@type":"ListItem","position":1,"name":"Startseite","item":"https:\/\/seubert-fruechte.de\/"},{"@type":"ListItem","position":2,"name":"Shop","item":"https:\/\/seubert-fruechte.de\/index.php\/shop\/"},{"@type":"ListItem","position":3,"name":"Tellerpfirsich"}]},{"@type":"WebSite","@id":"https:\/\/seubert-fruechte.de\/#website","url":"https:\/\/seubert-fruechte.de\/","name":"Seubert Fr\u00fcchte","description":"","potentialAction":[{"@type":"SearchAction","target":{"@type":"EntryPoint","urlTemplate":"https:\/\/seubert-fruechte.de\/?s={search_term_string}"},"query-input":{"@type":"PropertyValueSpecification","valueRequired":true,"valueName":"search_term_string"}}],"inLanguage":"de"}]}},"_links":{"self":[{"href":"https:\/\/seubert-fruechte.de\/index.php\/wp-json\/wp\/v2\/product\/140","targetHints":{"allow":["GET"]}}],"collection":[{"href":"https:\/\/seubert-fruechte.de\/index.php\/wp-json\/wp\/v2\/product"}],"about":[{"href":"https:\/\/seubert-fruechte.de\/index.php\/wp-json\/wp\/v2\/types\/product"}],"replies":[{"embeddable":true,"href":"https:\/\/seubert-fruechte.de\/index.php\/wp-json\/wp\/v2\/comments?post=140"}],"wp:featuredmedia":[{"embeddable":true,"href":"https:\/\/seubert-fruechte.de\/index.php\/wp-json\/wp\/v2\/media\/141"}],"wp:attachment":[{"href":"https:\/\/seubert-fruechte.de\/index.php\/wp-json\/wp\/v2\/media?parent=140"}],"wp:term":[{"taxonomy":"product_brand","embeddable":true,"href":"https:\/\/seubert-fruechte.de\/index.php\/wp-json\/wp\/v2\/product_brand?post=140"},{"taxonomy":"product_cat","embeddable":true,"href":"https:\/\/seubert-fruechte.de\/index.php\/wp-json\/wp\/v2\/product_cat?post=140"},{"taxonomy":"product_tag","embeddable":true,"href":"https:\/\/seubert-fruechte.de\/index.php\/wp-json\/wp\/v2\/product_tag?post=140"}],"curies":[{"name":"wp","href":"https:\/\/api.w.org\/{rel}","templated":true}]}}