{"id":137,"date":"2025-08-31T16:35:36","date_gmt":"2025-08-31T14:35:36","guid":{"rendered":"https:\/\/seubert-fruechte.de\/?post_type=product&#038;p=137"},"modified":"2025-09-04T16:17:19","modified_gmt":"2025-09-04T14:17:19","slug":"pfirsich","status":"publish","type":"product","link":"https:\/\/seubert-fruechte.de\/index.php\/produkt\/pfirsich\/","title":{"rendered":"Pfirsich"},"content":{"rendered":"<p data-start=\"136\" data-end=\"366\">Unsere <strong data-start=\"505\" data-end=\"518\">Pfirsiche<\/strong> \u00fcberzeugen durch ihr saftiges, aromatisches Fruchtfleisch, ihre samtige Schale und ihren typischen, intensiven Duft. Sie stammen aus ausgew\u00e4hlten Anbaugebieten mit optimalen Klimabedingungen und werden zum perfekten Reifezeitpunkt geerntet. Pfirsiche z\u00e4hlen zu den beliebtesten Sommerfr\u00fcchten und eignen sich hervorragend f\u00fcr den Frischverzehr sowie f\u00fcr vielf\u00e4ltige Anwendungen in Gastronomie und Verarbeitung.<\/p>\n<p data-start=\"136\" data-end=\"366\"><strong>Verpackung:\u00a0\u00a0<\/strong>je Verpackung 4kg<\/p>\n<p data-start=\"136\" data-end=\"366\"><strong>Hinweis zur Menge:\u00a0<\/strong><\/p>\n<p data-start=\"136\" data-end=\"366\">Menge 1 entspricht einer Kiste<\/p>\n","protected":false},"excerpt":{"rendered":"<p>Unsere Pfirsiche \u00fcberzeugen durch ihr saftiges, aromatisches Fruchtfleisch, ihre samtige Schale und ihren typischen, intensiven Duft. Sie stammen aus ausgew\u00e4hlten Anbaugebieten mit optimalen Klimabedingungen und werden zum perfekten Reifezeitpunkt geerntet. Pfirsiche z\u00e4hlen zu den beliebtesten Sommerfr\u00fcchten und eignen sich hervorragend f\u00fcr den Frischverzehr sowie f\u00fcr vielf\u00e4ltige Anwendungen in Gastronomie und Verarbeitung. Verpackung:\u00a0\u00a0je Verpackung 4kg Hinweis [&hellip;]<\/p>\n","protected":false},"featured_media":138,"comment_status":"closed","ping_status":"closed","template":"","meta":[],"product_brand":[],"product_cat":[19],"product_tag":[],"class_list":{"0":"post-137","1":"product","2":"type-product","3":"status-publish","4":"has-post-thumbnail","6":"product_cat-obst","8":"first","9":"instock","10":"shipping-taxable","11":"purchasable","12":"product-type-simple"},"yoast_head":"<!-- This site is optimized with the Yoast SEO plugin v26.1.1 - https:\/\/yoast.com\/wordpress\/plugins\/seo\/ -->\n<title>Pfirsich - Seubert Fr\u00fcchte<\/title>\n<meta name=\"robots\" content=\"index, follow, max-snippet:-1, max-image-preview:large, max-video-preview:-1\" \/>\n<link rel=\"canonical\" href=\"https:\/\/seubert-fruechte.de\/index.php\/produkt\/pfirsich\/\" \/>\n<meta property=\"og:locale\" content=\"de_DE\" \/>\n<meta property=\"og:type\" content=\"article\" \/>\n<meta property=\"og:title\" content=\"Pfirsich - Seubert Fr\u00fcchte\" \/>\n<meta property=\"og:description\" content=\"Unsere Pfirsiche \u00fcberzeugen durch ihr saftiges, aromatisches Fruchtfleisch, ihre samtige Schale und ihren typischen, intensiven Duft. Sie stammen aus ausgew\u00e4hlten Anbaugebieten mit optimalen Klimabedingungen und werden zum perfekten Reifezeitpunkt geerntet. Pfirsiche z\u00e4hlen zu den beliebtesten Sommerfr\u00fcchten und eignen sich hervorragend f\u00fcr den Frischverzehr sowie f\u00fcr vielf\u00e4ltige Anwendungen in Gastronomie und Verarbeitung. Verpackung:\u00a0\u00a0je Verpackung 4kg Hinweis [&hellip;]\" \/>\n<meta property=\"og:url\" content=\"https:\/\/seubert-fruechte.de\/index.php\/produkt\/pfirsich\/\" \/>\n<meta property=\"og:site_name\" content=\"Seubert Fr\u00fcchte\" \/>\n<meta property=\"article:modified_time\" content=\"2025-09-04T14:17:19+00:00\" \/>\n<meta property=\"og:image\" content=\"https:\/\/seubert-fruechte.de\/wp-content\/uploads\/2025\/08\/Pfirsich.png\" \/>\n\t<meta property=\"og:image:width\" content=\"1280\" \/>\n\t<meta property=\"og:image:height\" content=\"1280\" \/>\n\t<meta property=\"og:image:type\" content=\"image\/png\" \/>\n<meta name=\"twitter:card\" content=\"summary_large_image\" \/>\n<meta name=\"twitter:label1\" content=\"Gesch\u00e4tzte Lesezeit\" \/>\n\t<meta name=\"twitter:data1\" content=\"1\u00a0Minute\" \/>\n<script type=\"application\/ld+json\" class=\"yoast-schema-graph\">{\"@context\":\"https:\/\/schema.org\",\"@graph\":[{\"@type\":\"WebPage\",\"@id\":\"https:\/\/seubert-fruechte.de\/index.php\/produkt\/pfirsich\/\",\"url\":\"https:\/\/seubert-fruechte.de\/index.php\/produkt\/pfirsich\/\",\"name\":\"Pfirsich - Seubert Fr\u00fcchte\",\"isPartOf\":{\"@id\":\"https:\/\/seubert-fruechte.de\/#website\"},\"primaryImageOfPage\":{\"@id\":\"https:\/\/seubert-fruechte.de\/index.php\/produkt\/pfirsich\/#primaryimage\"},\"image\":{\"@id\":\"https:\/\/seubert-fruechte.de\/index.php\/produkt\/pfirsich\/#primaryimage\"},\"thumbnailUrl\":\"https:\/\/seubert-fruechte.de\/wp-content\/uploads\/2025\/08\/Pfirsich.png\",\"datePublished\":\"2025-08-31T14:35:36+00:00\",\"dateModified\":\"2025-09-04T14:17:19+00:00\",\"breadcrumb\":{\"@id\":\"https:\/\/seubert-fruechte.de\/index.php\/produkt\/pfirsich\/#breadcrumb\"},\"inLanguage\":\"de\",\"potentialAction\":[{\"@type\":\"ReadAction\",\"target\":[\"https:\/\/seubert-fruechte.de\/index.php\/produkt\/pfirsich\/\"]}]},{\"@type\":\"ImageObject\",\"inLanguage\":\"de\",\"@id\":\"https:\/\/seubert-fruechte.de\/index.php\/produkt\/pfirsich\/#primaryimage\",\"url\":\"https:\/\/seubert-fruechte.de\/wp-content\/uploads\/2025\/08\/Pfirsich.png\",\"contentUrl\":\"https:\/\/seubert-fruechte.de\/wp-content\/uploads\/2025\/08\/Pfirsich.png\",\"width\":1280,\"height\":1280},{\"@type\":\"BreadcrumbList\",\"@id\":\"https:\/\/seubert-fruechte.de\/index.php\/produkt\/pfirsich\/#breadcrumb\",\"itemListElement\":[{\"@type\":\"ListItem\",\"position\":1,\"name\":\"Startseite\",\"item\":\"https:\/\/seubert-fruechte.de\/\"},{\"@type\":\"ListItem\",\"position\":2,\"name\":\"Shop\",\"item\":\"https:\/\/seubert-fruechte.de\/index.php\/shop\/\"},{\"@type\":\"ListItem\",\"position\":3,\"name\":\"Pfirsich\"}]},{\"@type\":\"WebSite\",\"@id\":\"https:\/\/seubert-fruechte.de\/#website\",\"url\":\"https:\/\/seubert-fruechte.de\/\",\"name\":\"Seubert Fr\u00fcchte\",\"description\":\"\",\"potentialAction\":[{\"@type\":\"SearchAction\",\"target\":{\"@type\":\"EntryPoint\",\"urlTemplate\":\"https:\/\/seubert-fruechte.de\/?s={search_term_string}\"},\"query-input\":{\"@type\":\"PropertyValueSpecification\",\"valueRequired\":true,\"valueName\":\"search_term_string\"}}],\"inLanguage\":\"de\"}]}<\/script>\n<!-- \/ Yoast SEO plugin. -->","yoast_head_json":{"title":"Pfirsich - Seubert Fr\u00fcchte","robots":{"index":"index","follow":"follow","max-snippet":"max-snippet:-1","max-image-preview":"max-image-preview:large","max-video-preview":"max-video-preview:-1"},"canonical":"https:\/\/seubert-fruechte.de\/index.php\/produkt\/pfirsich\/","og_locale":"de_DE","og_type":"article","og_title":"Pfirsich - Seubert Fr\u00fcchte","og_description":"Unsere Pfirsiche \u00fcberzeugen durch ihr saftiges, aromatisches Fruchtfleisch, ihre samtige Schale und ihren typischen, intensiven Duft. Sie stammen aus ausgew\u00e4hlten Anbaugebieten mit optimalen Klimabedingungen und werden zum perfekten Reifezeitpunkt geerntet. Pfirsiche z\u00e4hlen zu den beliebtesten Sommerfr\u00fcchten und eignen sich hervorragend f\u00fcr den Frischverzehr sowie f\u00fcr vielf\u00e4ltige Anwendungen in Gastronomie und Verarbeitung. Verpackung:\u00a0\u00a0je Verpackung 4kg Hinweis [&hellip;]","og_url":"https:\/\/seubert-fruechte.de\/index.php\/produkt\/pfirsich\/","og_site_name":"Seubert Fr\u00fcchte","article_modified_time":"2025-09-04T14:17:19+00:00","og_image":[{"width":1280,"height":1280,"url":"https:\/\/seubert-fruechte.de\/wp-content\/uploads\/2025\/08\/Pfirsich.png","type":"image\/png"}],"twitter_card":"summary_large_image","twitter_misc":{"Gesch\u00e4tzte Lesezeit":"1\u00a0Minute"},"schema":{"@context":"https:\/\/schema.org","@graph":[{"@type":"WebPage","@id":"https:\/\/seubert-fruechte.de\/index.php\/produkt\/pfirsich\/","url":"https:\/\/seubert-fruechte.de\/index.php\/produkt\/pfirsich\/","name":"Pfirsich - Seubert Fr\u00fcchte","isPartOf":{"@id":"https:\/\/seubert-fruechte.de\/#website"},"primaryImageOfPage":{"@id":"https:\/\/seubert-fruechte.de\/index.php\/produkt\/pfirsich\/#primaryimage"},"image":{"@id":"https:\/\/seubert-fruechte.de\/index.php\/produkt\/pfirsich\/#primaryimage"},"thumbnailUrl":"https:\/\/seubert-fruechte.de\/wp-content\/uploads\/2025\/08\/Pfirsich.png","datePublished":"2025-08-31T14:35:36+00:00","dateModified":"2025-09-04T14:17:19+00:00","breadcrumb":{"@id":"https:\/\/seubert-fruechte.de\/index.php\/produkt\/pfirsich\/#breadcrumb"},"inLanguage":"de","potentialAction":[{"@type":"ReadAction","target":["https:\/\/seubert-fruechte.de\/index.php\/produkt\/pfirsich\/"]}]},{"@type":"ImageObject","inLanguage":"de","@id":"https:\/\/seubert-fruechte.de\/index.php\/produkt\/pfirsich\/#primaryimage","url":"https:\/\/seubert-fruechte.de\/wp-content\/uploads\/2025\/08\/Pfirsich.png","contentUrl":"https:\/\/seubert-fruechte.de\/wp-content\/uploads\/2025\/08\/Pfirsich.png","width":1280,"height":1280},{"@type":"BreadcrumbList","@id":"https:\/\/seubert-fruechte.de\/index.php\/produkt\/pfirsich\/#breadcrumb","itemListElement":[{"@type":"ListItem","position":1,"name":"Startseite","item":"https:\/\/seubert-fruechte.de\/"},{"@type":"ListItem","position":2,"name":"Shop","item":"https:\/\/seubert-fruechte.de\/index.php\/shop\/"},{"@type":"ListItem","position":3,"name":"Pfirsich"}]},{"@type":"WebSite","@id":"https:\/\/seubert-fruechte.de\/#website","url":"https:\/\/seubert-fruechte.de\/","name":"Seubert Fr\u00fcchte","description":"","potentialAction":[{"@type":"SearchAction","target":{"@type":"EntryPoint","urlTemplate":"https:\/\/seubert-fruechte.de\/?s={search_term_string}"},"query-input":{"@type":"PropertyValueSpecification","valueRequired":true,"valueName":"search_term_string"}}],"inLanguage":"de"}]}},"_links":{"self":[{"href":"https:\/\/seubert-fruechte.de\/index.php\/wp-json\/wp\/v2\/product\/137","targetHints":{"allow":["GET"]}}],"collection":[{"href":"https:\/\/seubert-fruechte.de\/index.php\/wp-json\/wp\/v2\/product"}],"about":[{"href":"https:\/\/seubert-fruechte.de\/index.php\/wp-json\/wp\/v2\/types\/product"}],"replies":[{"embeddable":true,"href":"https:\/\/seubert-fruechte.de\/index.php\/wp-json\/wp\/v2\/comments?post=137"}],"wp:featuredmedia":[{"embeddable":true,"href":"https:\/\/seubert-fruechte.de\/index.php\/wp-json\/wp\/v2\/media\/138"}],"wp:attachment":[{"href":"https:\/\/seubert-fruechte.de\/index.php\/wp-json\/wp\/v2\/media?parent=137"}],"wp:term":[{"taxonomy":"product_brand","embeddable":true,"href":"https:\/\/seubert-fruechte.de\/index.php\/wp-json\/wp\/v2\/product_brand?post=137"},{"taxonomy":"product_cat","embeddable":true,"href":"https:\/\/seubert-fruechte.de\/index.php\/wp-json\/wp\/v2\/product_cat?post=137"},{"taxonomy":"product_tag","embeddable":true,"href":"https:\/\/seubert-fruechte.de\/index.php\/wp-json\/wp\/v2\/product_tag?post=137"}],"curies":[{"name":"wp","href":"https:\/\/api.w.org\/{rel}","templated":true}]}}