{"id":134,"date":"2025-08-31T16:30:12","date_gmt":"2025-08-31T14:30:12","guid":{"rendered":"https:\/\/seubert-fruechte.de\/?post_type=product&#038;p=134"},"modified":"2025-09-04T16:17:33","modified_gmt":"2025-09-04T14:17:33","slug":"maracuja","status":"publish","type":"product","link":"https:\/\/seubert-fruechte.de\/index.php\/produkt\/maracuja\/","title":{"rendered":"Maracuja"},"content":{"rendered":"<p data-start=\"136\" data-end=\"366\">Die <strong data-start=\"548\" data-end=\"560\">Maracuja<\/strong>, auch bekannt als Passionsfrucht, ist eine tropische Delikatesse mit einzigartig intensivem Geschmack. Unter der festen, violett-br\u00e4unlichen Schale verbirgt sich ein leuchtend gelbes Fruchtfleisch mit vielen aromatischen Samen. Der Geschmack ist eine perfekte Balance aus s\u00fc\u00df und s\u00e4uerlich \u2013 ideal f\u00fcr die gehobene Gastronomie, Fruchts\u00e4fte, Desserts oder exotische Speisen.<\/p>\n<p data-start=\"136\" data-end=\"366\"><strong>Hinweis zur Menge:\u00a0<\/strong><\/p>\n<p data-start=\"136\" data-end=\"366\">Menge 1 entspricht einem St\u00fcck<\/p>\n","protected":false},"excerpt":{"rendered":"<p>Die Maracuja, auch bekannt als Passionsfrucht, ist eine tropische Delikatesse mit einzigartig intensivem Geschmack. Unter der festen, violett-br\u00e4unlichen Schale verbirgt sich ein leuchtend gelbes Fruchtfleisch mit vielen aromatischen Samen. Der Geschmack ist eine perfekte Balance aus s\u00fc\u00df und s\u00e4uerlich \u2013 ideal f\u00fcr die gehobene Gastronomie, Fruchts\u00e4fte, Desserts oder exotische Speisen. Hinweis zur Menge:\u00a0 Menge 1 [&hellip;]<\/p>\n","protected":false},"featured_media":135,"comment_status":"closed","ping_status":"closed","template":"","meta":[],"product_brand":[],"product_cat":[19],"product_tag":[],"class_list":{"0":"post-134","1":"product","2":"type-product","3":"status-publish","4":"has-post-thumbnail","6":"product_cat-obst","8":"first","9":"instock","10":"shipping-taxable","11":"purchasable","12":"product-type-simple"},"yoast_head":"<!-- This site is optimized with the Yoast SEO plugin v26.1.1 - https:\/\/yoast.com\/wordpress\/plugins\/seo\/ -->\n<title>Maracuja - Seubert Fr\u00fcchte<\/title>\n<meta name=\"robots\" content=\"index, follow, max-snippet:-1, max-image-preview:large, max-video-preview:-1\" \/>\n<link rel=\"canonical\" href=\"https:\/\/seubert-fruechte.de\/index.php\/produkt\/maracuja\/\" \/>\n<meta property=\"og:locale\" content=\"de_DE\" \/>\n<meta property=\"og:type\" content=\"article\" \/>\n<meta property=\"og:title\" content=\"Maracuja - Seubert Fr\u00fcchte\" \/>\n<meta property=\"og:description\" content=\"Die Maracuja, auch bekannt als Passionsfrucht, ist eine tropische Delikatesse mit einzigartig intensivem Geschmack. Unter der festen, violett-br\u00e4unlichen Schale verbirgt sich ein leuchtend gelbes Fruchtfleisch mit vielen aromatischen Samen. Der Geschmack ist eine perfekte Balance aus s\u00fc\u00df und s\u00e4uerlich \u2013 ideal f\u00fcr die gehobene Gastronomie, Fruchts\u00e4fte, Desserts oder exotische Speisen. Hinweis zur Menge:\u00a0 Menge 1 [&hellip;]\" \/>\n<meta property=\"og:url\" content=\"https:\/\/seubert-fruechte.de\/index.php\/produkt\/maracuja\/\" \/>\n<meta property=\"og:site_name\" content=\"Seubert Fr\u00fcchte\" \/>\n<meta property=\"article:modified_time\" content=\"2025-09-04T14:17:33+00:00\" \/>\n<meta property=\"og:image\" content=\"https:\/\/seubert-fruechte.de\/wp-content\/uploads\/2025\/08\/Passionsfrucht-Maracuja.jpg\" \/>\n\t<meta property=\"og:image:width\" content=\"1280\" \/>\n\t<meta property=\"og:image:height\" content=\"853\" \/>\n\t<meta property=\"og:image:type\" content=\"image\/jpeg\" \/>\n<meta name=\"twitter:card\" content=\"summary_large_image\" \/>\n<meta name=\"twitter:label1\" content=\"Gesch\u00e4tzte Lesezeit\" \/>\n\t<meta name=\"twitter:data1\" content=\"1\u00a0Minute\" \/>\n<script type=\"application\/ld+json\" class=\"yoast-schema-graph\">{\"@context\":\"https:\/\/schema.org\",\"@graph\":[{\"@type\":\"WebPage\",\"@id\":\"https:\/\/seubert-fruechte.de\/index.php\/produkt\/maracuja\/\",\"url\":\"https:\/\/seubert-fruechte.de\/index.php\/produkt\/maracuja\/\",\"name\":\"Maracuja - Seubert Fr\u00fcchte\",\"isPartOf\":{\"@id\":\"https:\/\/seubert-fruechte.de\/#website\"},\"primaryImageOfPage\":{\"@id\":\"https:\/\/seubert-fruechte.de\/index.php\/produkt\/maracuja\/#primaryimage\"},\"image\":{\"@id\":\"https:\/\/seubert-fruechte.de\/index.php\/produkt\/maracuja\/#primaryimage\"},\"thumbnailUrl\":\"https:\/\/seubert-fruechte.de\/wp-content\/uploads\/2025\/08\/Passionsfrucht-Maracuja.jpg\",\"datePublished\":\"2025-08-31T14:30:12+00:00\",\"dateModified\":\"2025-09-04T14:17:33+00:00\",\"breadcrumb\":{\"@id\":\"https:\/\/seubert-fruechte.de\/index.php\/produkt\/maracuja\/#breadcrumb\"},\"inLanguage\":\"de\",\"potentialAction\":[{\"@type\":\"ReadAction\",\"target\":[\"https:\/\/seubert-fruechte.de\/index.php\/produkt\/maracuja\/\"]}]},{\"@type\":\"ImageObject\",\"inLanguage\":\"de\",\"@id\":\"https:\/\/seubert-fruechte.de\/index.php\/produkt\/maracuja\/#primaryimage\",\"url\":\"https:\/\/seubert-fruechte.de\/wp-content\/uploads\/2025\/08\/Passionsfrucht-Maracuja.jpg\",\"contentUrl\":\"https:\/\/seubert-fruechte.de\/wp-content\/uploads\/2025\/08\/Passionsfrucht-Maracuja.jpg\",\"width\":1280,\"height\":853},{\"@type\":\"BreadcrumbList\",\"@id\":\"https:\/\/seubert-fruechte.de\/index.php\/produkt\/maracuja\/#breadcrumb\",\"itemListElement\":[{\"@type\":\"ListItem\",\"position\":1,\"name\":\"Startseite\",\"item\":\"https:\/\/seubert-fruechte.de\/\"},{\"@type\":\"ListItem\",\"position\":2,\"name\":\"Shop\",\"item\":\"https:\/\/seubert-fruechte.de\/index.php\/shop\/\"},{\"@type\":\"ListItem\",\"position\":3,\"name\":\"Maracuja\"}]},{\"@type\":\"WebSite\",\"@id\":\"https:\/\/seubert-fruechte.de\/#website\",\"url\":\"https:\/\/seubert-fruechte.de\/\",\"name\":\"Seubert Fr\u00fcchte\",\"description\":\"\",\"potentialAction\":[{\"@type\":\"SearchAction\",\"target\":{\"@type\":\"EntryPoint\",\"urlTemplate\":\"https:\/\/seubert-fruechte.de\/?s={search_term_string}\"},\"query-input\":{\"@type\":\"PropertyValueSpecification\",\"valueRequired\":true,\"valueName\":\"search_term_string\"}}],\"inLanguage\":\"de\"}]}<\/script>\n<!-- \/ Yoast SEO plugin. -->","yoast_head_json":{"title":"Maracuja - Seubert Fr\u00fcchte","robots":{"index":"index","follow":"follow","max-snippet":"max-snippet:-1","max-image-preview":"max-image-preview:large","max-video-preview":"max-video-preview:-1"},"canonical":"https:\/\/seubert-fruechte.de\/index.php\/produkt\/maracuja\/","og_locale":"de_DE","og_type":"article","og_title":"Maracuja - Seubert Fr\u00fcchte","og_description":"Die Maracuja, auch bekannt als Passionsfrucht, ist eine tropische Delikatesse mit einzigartig intensivem Geschmack. Unter der festen, violett-br\u00e4unlichen Schale verbirgt sich ein leuchtend gelbes Fruchtfleisch mit vielen aromatischen Samen. Der Geschmack ist eine perfekte Balance aus s\u00fc\u00df und s\u00e4uerlich \u2013 ideal f\u00fcr die gehobene Gastronomie, Fruchts\u00e4fte, Desserts oder exotische Speisen. Hinweis zur Menge:\u00a0 Menge 1 [&hellip;]","og_url":"https:\/\/seubert-fruechte.de\/index.php\/produkt\/maracuja\/","og_site_name":"Seubert Fr\u00fcchte","article_modified_time":"2025-09-04T14:17:33+00:00","og_image":[{"width":1280,"height":853,"url":"https:\/\/seubert-fruechte.de\/wp-content\/uploads\/2025\/08\/Passionsfrucht-Maracuja.jpg","type":"image\/jpeg"}],"twitter_card":"summary_large_image","twitter_misc":{"Gesch\u00e4tzte Lesezeit":"1\u00a0Minute"},"schema":{"@context":"https:\/\/schema.org","@graph":[{"@type":"WebPage","@id":"https:\/\/seubert-fruechte.de\/index.php\/produkt\/maracuja\/","url":"https:\/\/seubert-fruechte.de\/index.php\/produkt\/maracuja\/","name":"Maracuja - Seubert Fr\u00fcchte","isPartOf":{"@id":"https:\/\/seubert-fruechte.de\/#website"},"primaryImageOfPage":{"@id":"https:\/\/seubert-fruechte.de\/index.php\/produkt\/maracuja\/#primaryimage"},"image":{"@id":"https:\/\/seubert-fruechte.de\/index.php\/produkt\/maracuja\/#primaryimage"},"thumbnailUrl":"https:\/\/seubert-fruechte.de\/wp-content\/uploads\/2025\/08\/Passionsfrucht-Maracuja.jpg","datePublished":"2025-08-31T14:30:12+00:00","dateModified":"2025-09-04T14:17:33+00:00","breadcrumb":{"@id":"https:\/\/seubert-fruechte.de\/index.php\/produkt\/maracuja\/#breadcrumb"},"inLanguage":"de","potentialAction":[{"@type":"ReadAction","target":["https:\/\/seubert-fruechte.de\/index.php\/produkt\/maracuja\/"]}]},{"@type":"ImageObject","inLanguage":"de","@id":"https:\/\/seubert-fruechte.de\/index.php\/produkt\/maracuja\/#primaryimage","url":"https:\/\/seubert-fruechte.de\/wp-content\/uploads\/2025\/08\/Passionsfrucht-Maracuja.jpg","contentUrl":"https:\/\/seubert-fruechte.de\/wp-content\/uploads\/2025\/08\/Passionsfrucht-Maracuja.jpg","width":1280,"height":853},{"@type":"BreadcrumbList","@id":"https:\/\/seubert-fruechte.de\/index.php\/produkt\/maracuja\/#breadcrumb","itemListElement":[{"@type":"ListItem","position":1,"name":"Startseite","item":"https:\/\/seubert-fruechte.de\/"},{"@type":"ListItem","position":2,"name":"Shop","item":"https:\/\/seubert-fruechte.de\/index.php\/shop\/"},{"@type":"ListItem","position":3,"name":"Maracuja"}]},{"@type":"WebSite","@id":"https:\/\/seubert-fruechte.de\/#website","url":"https:\/\/seubert-fruechte.de\/","name":"Seubert Fr\u00fcchte","description":"","potentialAction":[{"@type":"SearchAction","target":{"@type":"EntryPoint","urlTemplate":"https:\/\/seubert-fruechte.de\/?s={search_term_string}"},"query-input":{"@type":"PropertyValueSpecification","valueRequired":true,"valueName":"search_term_string"}}],"inLanguage":"de"}]}},"_links":{"self":[{"href":"https:\/\/seubert-fruechte.de\/index.php\/wp-json\/wp\/v2\/product\/134","targetHints":{"allow":["GET"]}}],"collection":[{"href":"https:\/\/seubert-fruechte.de\/index.php\/wp-json\/wp\/v2\/product"}],"about":[{"href":"https:\/\/seubert-fruechte.de\/index.php\/wp-json\/wp\/v2\/types\/product"}],"replies":[{"embeddable":true,"href":"https:\/\/seubert-fruechte.de\/index.php\/wp-json\/wp\/v2\/comments?post=134"}],"wp:featuredmedia":[{"embeddable":true,"href":"https:\/\/seubert-fruechte.de\/index.php\/wp-json\/wp\/v2\/media\/135"}],"wp:attachment":[{"href":"https:\/\/seubert-fruechte.de\/index.php\/wp-json\/wp\/v2\/media?parent=134"}],"wp:term":[{"taxonomy":"product_brand","embeddable":true,"href":"https:\/\/seubert-fruechte.de\/index.php\/wp-json\/wp\/v2\/product_brand?post=134"},{"taxonomy":"product_cat","embeddable":true,"href":"https:\/\/seubert-fruechte.de\/index.php\/wp-json\/wp\/v2\/product_cat?post=134"},{"taxonomy":"product_tag","embeddable":true,"href":"https:\/\/seubert-fruechte.de\/index.php\/wp-json\/wp\/v2\/product_tag?post=134"}],"curies":[{"name":"wp","href":"https:\/\/api.w.org\/{rel}","templated":true}]}}