{"id":132,"date":"2025-08-31T16:22:06","date_gmt":"2025-08-31T14:22:06","guid":{"rendered":"https:\/\/seubert-fruechte.de\/?post_type=product&#038;p=132"},"modified":"2025-09-04T16:18:04","modified_gmt":"2025-09-04T14:18:04","slug":"orangen-sonnenkinder","status":"publish","type":"product","link":"https:\/\/seubert-fruechte.de\/index.php\/produkt\/orangen-sonnenkinder\/","title":{"rendered":"Orangen Sonnenkinder"},"content":{"rendered":"<p data-start=\"136\" data-end=\"366\">Die <strong data-start=\"546\" data-end=\"570\">Sonnenkinder\u00ae Orange<\/strong> ist eine exklusive Marke f\u00fcr besonders aromatische und saftige Orangen aus nachhaltigem Anbau. Sorgf\u00e4ltig ausgew\u00e4hlte Produzenten in den besten Regionen Spaniens garantieren konstant hohe Qualit\u00e4t, nat\u00fcrliche Reife und einen frischen, sonnengereiften Geschmack. Die Fr\u00fcchte zeichnen sich durch ihre leuchtende Schale, ein angenehm s\u00fc\u00dfes Aroma und einen hohen Saftanteil aus \u2013 ideal f\u00fcr den Frischverzehr oder die Verarbeitung.<\/p>\n<p data-start=\"136\" data-end=\"366\"><strong>Verpackung:\u00a0\u00a0<\/strong>je Verpackung 13kg<\/p>\n<p data-start=\"136\" data-end=\"366\"><strong>Hinweis zur Menge:\u00a0<\/strong><\/p>\n<p data-start=\"136\" data-end=\"366\">Menge 1 entspricht einer Kiste<\/p>\n","protected":false},"excerpt":{"rendered":"<p>Die Sonnenkinder\u00ae Orange ist eine exklusive Marke f\u00fcr besonders aromatische und saftige Orangen aus nachhaltigem Anbau. Sorgf\u00e4ltig ausgew\u00e4hlte Produzenten in den besten Regionen Spaniens garantieren konstant hohe Qualit\u00e4t, nat\u00fcrliche Reife und einen frischen, sonnengereiften Geschmack. Die Fr\u00fcchte zeichnen sich durch ihre leuchtende Schale, ein angenehm s\u00fc\u00dfes Aroma und einen hohen Saftanteil aus \u2013 ideal f\u00fcr [&hellip;]<\/p>\n","protected":false},"featured_media":127,"comment_status":"closed","ping_status":"closed","template":"","meta":[],"product_brand":[],"product_cat":[19],"product_tag":[],"class_list":{"0":"post-132","1":"product","2":"type-product","3":"status-publish","4":"has-post-thumbnail","6":"product_cat-obst","8":"first","9":"instock","10":"shipping-taxable","11":"purchasable","12":"product-type-simple"},"yoast_head":"<!-- This site is optimized with the Yoast SEO plugin v26.1.1 - https:\/\/yoast.com\/wordpress\/plugins\/seo\/ -->\n<title>Orangen Sonnenkinder - Seubert Fr\u00fcchte<\/title>\n<meta name=\"robots\" content=\"index, follow, max-snippet:-1, max-image-preview:large, max-video-preview:-1\" \/>\n<link rel=\"canonical\" href=\"https:\/\/seubert-fruechte.de\/index.php\/produkt\/orangen-sonnenkinder\/\" \/>\n<meta property=\"og:locale\" content=\"de_DE\" \/>\n<meta property=\"og:type\" content=\"article\" \/>\n<meta property=\"og:title\" content=\"Orangen Sonnenkinder - Seubert Fr\u00fcchte\" \/>\n<meta property=\"og:description\" content=\"Die Sonnenkinder\u00ae Orange ist eine exklusive Marke f\u00fcr besonders aromatische und saftige Orangen aus nachhaltigem Anbau. Sorgf\u00e4ltig ausgew\u00e4hlte Produzenten in den besten Regionen Spaniens garantieren konstant hohe Qualit\u00e4t, nat\u00fcrliche Reife und einen frischen, sonnengereiften Geschmack. Die Fr\u00fcchte zeichnen sich durch ihre leuchtende Schale, ein angenehm s\u00fc\u00dfes Aroma und einen hohen Saftanteil aus \u2013 ideal f\u00fcr [&hellip;]\" \/>\n<meta property=\"og:url\" content=\"https:\/\/seubert-fruechte.de\/index.php\/produkt\/orangen-sonnenkinder\/\" \/>\n<meta property=\"og:site_name\" content=\"Seubert Fr\u00fcchte\" \/>\n<meta property=\"article:modified_time\" content=\"2025-09-04T14:18:04+00:00\" \/>\n<meta property=\"og:image\" content=\"https:\/\/seubert-fruechte.de\/wp-content\/uploads\/2025\/08\/Orange.jpg\" \/>\n\t<meta property=\"og:image:width\" content=\"1280\" \/>\n\t<meta property=\"og:image:height\" content=\"853\" \/>\n\t<meta property=\"og:image:type\" content=\"image\/jpeg\" \/>\n<meta name=\"twitter:card\" content=\"summary_large_image\" \/>\n<meta name=\"twitter:label1\" content=\"Gesch\u00e4tzte Lesezeit\" \/>\n\t<meta name=\"twitter:data1\" content=\"1\u00a0Minute\" \/>\n<script type=\"application\/ld+json\" class=\"yoast-schema-graph\">{\"@context\":\"https:\/\/schema.org\",\"@graph\":[{\"@type\":\"WebPage\",\"@id\":\"https:\/\/seubert-fruechte.de\/index.php\/produkt\/orangen-sonnenkinder\/\",\"url\":\"https:\/\/seubert-fruechte.de\/index.php\/produkt\/orangen-sonnenkinder\/\",\"name\":\"Orangen Sonnenkinder - Seubert Fr\u00fcchte\",\"isPartOf\":{\"@id\":\"https:\/\/seubert-fruechte.de\/#website\"},\"primaryImageOfPage\":{\"@id\":\"https:\/\/seubert-fruechte.de\/index.php\/produkt\/orangen-sonnenkinder\/#primaryimage\"},\"image\":{\"@id\":\"https:\/\/seubert-fruechte.de\/index.php\/produkt\/orangen-sonnenkinder\/#primaryimage\"},\"thumbnailUrl\":\"https:\/\/seubert-fruechte.de\/wp-content\/uploads\/2025\/08\/Orange.jpg\",\"datePublished\":\"2025-08-31T14:22:06+00:00\",\"dateModified\":\"2025-09-04T14:18:04+00:00\",\"breadcrumb\":{\"@id\":\"https:\/\/seubert-fruechte.de\/index.php\/produkt\/orangen-sonnenkinder\/#breadcrumb\"},\"inLanguage\":\"de\",\"potentialAction\":[{\"@type\":\"ReadAction\",\"target\":[\"https:\/\/seubert-fruechte.de\/index.php\/produkt\/orangen-sonnenkinder\/\"]}]},{\"@type\":\"ImageObject\",\"inLanguage\":\"de\",\"@id\":\"https:\/\/seubert-fruechte.de\/index.php\/produkt\/orangen-sonnenkinder\/#primaryimage\",\"url\":\"https:\/\/seubert-fruechte.de\/wp-content\/uploads\/2025\/08\/Orange.jpg\",\"contentUrl\":\"https:\/\/seubert-fruechte.de\/wp-content\/uploads\/2025\/08\/Orange.jpg\",\"width\":1280,\"height\":853},{\"@type\":\"BreadcrumbList\",\"@id\":\"https:\/\/seubert-fruechte.de\/index.php\/produkt\/orangen-sonnenkinder\/#breadcrumb\",\"itemListElement\":[{\"@type\":\"ListItem\",\"position\":1,\"name\":\"Startseite\",\"item\":\"https:\/\/seubert-fruechte.de\/\"},{\"@type\":\"ListItem\",\"position\":2,\"name\":\"Shop\",\"item\":\"https:\/\/seubert-fruechte.de\/index.php\/shop\/\"},{\"@type\":\"ListItem\",\"position\":3,\"name\":\"Orangen Sonnenkinder\"}]},{\"@type\":\"WebSite\",\"@id\":\"https:\/\/seubert-fruechte.de\/#website\",\"url\":\"https:\/\/seubert-fruechte.de\/\",\"name\":\"Seubert Fr\u00fcchte\",\"description\":\"\",\"potentialAction\":[{\"@type\":\"SearchAction\",\"target\":{\"@type\":\"EntryPoint\",\"urlTemplate\":\"https:\/\/seubert-fruechte.de\/?s={search_term_string}\"},\"query-input\":{\"@type\":\"PropertyValueSpecification\",\"valueRequired\":true,\"valueName\":\"search_term_string\"}}],\"inLanguage\":\"de\"}]}<\/script>\n<!-- \/ Yoast SEO plugin. -->","yoast_head_json":{"title":"Orangen Sonnenkinder - Seubert Fr\u00fcchte","robots":{"index":"index","follow":"follow","max-snippet":"max-snippet:-1","max-image-preview":"max-image-preview:large","max-video-preview":"max-video-preview:-1"},"canonical":"https:\/\/seubert-fruechte.de\/index.php\/produkt\/orangen-sonnenkinder\/","og_locale":"de_DE","og_type":"article","og_title":"Orangen Sonnenkinder - Seubert Fr\u00fcchte","og_description":"Die Sonnenkinder\u00ae Orange ist eine exklusive Marke f\u00fcr besonders aromatische und saftige Orangen aus nachhaltigem Anbau. Sorgf\u00e4ltig ausgew\u00e4hlte Produzenten in den besten Regionen Spaniens garantieren konstant hohe Qualit\u00e4t, nat\u00fcrliche Reife und einen frischen, sonnengereiften Geschmack. Die Fr\u00fcchte zeichnen sich durch ihre leuchtende Schale, ein angenehm s\u00fc\u00dfes Aroma und einen hohen Saftanteil aus \u2013 ideal f\u00fcr [&hellip;]","og_url":"https:\/\/seubert-fruechte.de\/index.php\/produkt\/orangen-sonnenkinder\/","og_site_name":"Seubert Fr\u00fcchte","article_modified_time":"2025-09-04T14:18:04+00:00","og_image":[{"width":1280,"height":853,"url":"https:\/\/seubert-fruechte.de\/wp-content\/uploads\/2025\/08\/Orange.jpg","type":"image\/jpeg"}],"twitter_card":"summary_large_image","twitter_misc":{"Gesch\u00e4tzte Lesezeit":"1\u00a0Minute"},"schema":{"@context":"https:\/\/schema.org","@graph":[{"@type":"WebPage","@id":"https:\/\/seubert-fruechte.de\/index.php\/produkt\/orangen-sonnenkinder\/","url":"https:\/\/seubert-fruechte.de\/index.php\/produkt\/orangen-sonnenkinder\/","name":"Orangen Sonnenkinder - Seubert Fr\u00fcchte","isPartOf":{"@id":"https:\/\/seubert-fruechte.de\/#website"},"primaryImageOfPage":{"@id":"https:\/\/seubert-fruechte.de\/index.php\/produkt\/orangen-sonnenkinder\/#primaryimage"},"image":{"@id":"https:\/\/seubert-fruechte.de\/index.php\/produkt\/orangen-sonnenkinder\/#primaryimage"},"thumbnailUrl":"https:\/\/seubert-fruechte.de\/wp-content\/uploads\/2025\/08\/Orange.jpg","datePublished":"2025-08-31T14:22:06+00:00","dateModified":"2025-09-04T14:18:04+00:00","breadcrumb":{"@id":"https:\/\/seubert-fruechte.de\/index.php\/produkt\/orangen-sonnenkinder\/#breadcrumb"},"inLanguage":"de","potentialAction":[{"@type":"ReadAction","target":["https:\/\/seubert-fruechte.de\/index.php\/produkt\/orangen-sonnenkinder\/"]}]},{"@type":"ImageObject","inLanguage":"de","@id":"https:\/\/seubert-fruechte.de\/index.php\/produkt\/orangen-sonnenkinder\/#primaryimage","url":"https:\/\/seubert-fruechte.de\/wp-content\/uploads\/2025\/08\/Orange.jpg","contentUrl":"https:\/\/seubert-fruechte.de\/wp-content\/uploads\/2025\/08\/Orange.jpg","width":1280,"height":853},{"@type":"BreadcrumbList","@id":"https:\/\/seubert-fruechte.de\/index.php\/produkt\/orangen-sonnenkinder\/#breadcrumb","itemListElement":[{"@type":"ListItem","position":1,"name":"Startseite","item":"https:\/\/seubert-fruechte.de\/"},{"@type":"ListItem","position":2,"name":"Shop","item":"https:\/\/seubert-fruechte.de\/index.php\/shop\/"},{"@type":"ListItem","position":3,"name":"Orangen Sonnenkinder"}]},{"@type":"WebSite","@id":"https:\/\/seubert-fruechte.de\/#website","url":"https:\/\/seubert-fruechte.de\/","name":"Seubert Fr\u00fcchte","description":"","potentialAction":[{"@type":"SearchAction","target":{"@type":"EntryPoint","urlTemplate":"https:\/\/seubert-fruechte.de\/?s={search_term_string}"},"query-input":{"@type":"PropertyValueSpecification","valueRequired":true,"valueName":"search_term_string"}}],"inLanguage":"de"}]}},"_links":{"self":[{"href":"https:\/\/seubert-fruechte.de\/index.php\/wp-json\/wp\/v2\/product\/132","targetHints":{"allow":["GET"]}}],"collection":[{"href":"https:\/\/seubert-fruechte.de\/index.php\/wp-json\/wp\/v2\/product"}],"about":[{"href":"https:\/\/seubert-fruechte.de\/index.php\/wp-json\/wp\/v2\/types\/product"}],"replies":[{"embeddable":true,"href":"https:\/\/seubert-fruechte.de\/index.php\/wp-json\/wp\/v2\/comments?post=132"}],"wp:featuredmedia":[{"embeddable":true,"href":"https:\/\/seubert-fruechte.de\/index.php\/wp-json\/wp\/v2\/media\/127"}],"wp:attachment":[{"href":"https:\/\/seubert-fruechte.de\/index.php\/wp-json\/wp\/v2\/media?parent=132"}],"wp:term":[{"taxonomy":"product_brand","embeddable":true,"href":"https:\/\/seubert-fruechte.de\/index.php\/wp-json\/wp\/v2\/product_brand?post=132"},{"taxonomy":"product_cat","embeddable":true,"href":"https:\/\/seubert-fruechte.de\/index.php\/wp-json\/wp\/v2\/product_cat?post=132"},{"taxonomy":"product_tag","embeddable":true,"href":"https:\/\/seubert-fruechte.de\/index.php\/wp-json\/wp\/v2\/product_tag?post=132"}],"curies":[{"name":"wp","href":"https:\/\/api.w.org\/{rel}","templated":true}]}}