{"id":130,"date":"2025-08-31T16:08:33","date_gmt":"2025-08-31T14:08:33","guid":{"rendered":"https:\/\/seubert-fruechte.de\/?post_type=product&#038;p=130"},"modified":"2025-09-04T16:18:39","modified_gmt":"2025-09-04T14:18:39","slug":"orangen-goetterfrucht","status":"publish","type":"product","link":"https:\/\/seubert-fruechte.de\/index.php\/produkt\/orangen-goetterfrucht\/","title":{"rendered":"Orangen G\u00f6tterfrucht"},"content":{"rendered":"<p data-start=\"136\" data-end=\"366\">Die <strong data-start=\"515\" data-end=\"538\">G\u00f6tterfrucht Orange<\/strong> ist eine Premium-Tafelorange mit au\u00dfergew\u00f6hnlichem Geschmack, exklusiver Herkunft und h\u00f6chstem Qualit\u00e4tsstandard. Sie \u00fcberzeugt durch ihr intensives Aroma, eine ausgewogene S\u00fc\u00dfe, exzellenten Saftgehalt und eine auff\u00e4llig feine Schale. Angebaut unter optimalen klimatischen Bedingungen und streng kontrollierten Standards, steht die G\u00f6tterfrucht Orange f\u00fcr ein besonderes Geschmackserlebnis und ein echtes Qualit\u00e4tsversprechen.<\/p>\n<p data-start=\"136\" data-end=\"366\"><strong>Verpackung:\u00a0\u00a0<\/strong>je Verpackung 10kg<\/p>\n<p data-start=\"136\" data-end=\"366\"><strong>Hinweis zur Menge:\u00a0<\/strong><\/p>\n<p data-start=\"136\" data-end=\"366\">Menge 1 entspricht einer Kiste<\/p>\n","protected":false},"excerpt":{"rendered":"<p>Die G\u00f6tterfrucht Orange ist eine Premium-Tafelorange mit au\u00dfergew\u00f6hnlichem Geschmack, exklusiver Herkunft und h\u00f6chstem Qualit\u00e4tsstandard. Sie \u00fcberzeugt durch ihr intensives Aroma, eine ausgewogene S\u00fc\u00dfe, exzellenten Saftgehalt und eine auff\u00e4llig feine Schale. Angebaut unter optimalen klimatischen Bedingungen und streng kontrollierten Standards, steht die G\u00f6tterfrucht Orange f\u00fcr ein besonderes Geschmackserlebnis und ein echtes Qualit\u00e4tsversprechen. Verpackung:\u00a0\u00a0je Verpackung 10kg Hinweis [&hellip;]<\/p>\n","protected":false},"featured_media":127,"comment_status":"closed","ping_status":"closed","template":"","meta":[],"product_brand":[],"product_cat":[19],"product_tag":[],"class_list":{"0":"post-130","1":"product","2":"type-product","3":"status-publish","4":"has-post-thumbnail","6":"product_cat-obst","8":"first","9":"instock","10":"shipping-taxable","11":"purchasable","12":"product-type-simple"},"yoast_head":"<!-- This site is optimized with the Yoast SEO plugin v26.1.1 - https:\/\/yoast.com\/wordpress\/plugins\/seo\/ -->\n<title>Orangen G\u00f6tterfrucht - Seubert Fr\u00fcchte<\/title>\n<meta name=\"robots\" content=\"index, follow, max-snippet:-1, max-image-preview:large, max-video-preview:-1\" \/>\n<link rel=\"canonical\" href=\"https:\/\/seubert-fruechte.de\/index.php\/produkt\/orangen-goetterfrucht\/\" \/>\n<meta property=\"og:locale\" content=\"de_DE\" \/>\n<meta property=\"og:type\" content=\"article\" \/>\n<meta property=\"og:title\" content=\"Orangen G\u00f6tterfrucht - Seubert Fr\u00fcchte\" \/>\n<meta property=\"og:description\" content=\"Die G\u00f6tterfrucht Orange ist eine Premium-Tafelorange mit au\u00dfergew\u00f6hnlichem Geschmack, exklusiver Herkunft und h\u00f6chstem Qualit\u00e4tsstandard. Sie \u00fcberzeugt durch ihr intensives Aroma, eine ausgewogene S\u00fc\u00dfe, exzellenten Saftgehalt und eine auff\u00e4llig feine Schale. Angebaut unter optimalen klimatischen Bedingungen und streng kontrollierten Standards, steht die G\u00f6tterfrucht Orange f\u00fcr ein besonderes Geschmackserlebnis und ein echtes Qualit\u00e4tsversprechen. Verpackung:\u00a0\u00a0je Verpackung 10kg Hinweis [&hellip;]\" \/>\n<meta property=\"og:url\" content=\"https:\/\/seubert-fruechte.de\/index.php\/produkt\/orangen-goetterfrucht\/\" \/>\n<meta property=\"og:site_name\" content=\"Seubert Fr\u00fcchte\" \/>\n<meta property=\"article:modified_time\" content=\"2025-09-04T14:18:39+00:00\" \/>\n<meta property=\"og:image\" content=\"https:\/\/seubert-fruechte.de\/wp-content\/uploads\/2025\/08\/Orange.jpg\" \/>\n\t<meta property=\"og:image:width\" content=\"1280\" \/>\n\t<meta property=\"og:image:height\" content=\"853\" \/>\n\t<meta property=\"og:image:type\" content=\"image\/jpeg\" \/>\n<meta name=\"twitter:card\" content=\"summary_large_image\" \/>\n<meta name=\"twitter:label1\" content=\"Gesch\u00e4tzte Lesezeit\" \/>\n\t<meta name=\"twitter:data1\" content=\"1\u00a0Minute\" \/>\n<script type=\"application\/ld+json\" class=\"yoast-schema-graph\">{\"@context\":\"https:\/\/schema.org\",\"@graph\":[{\"@type\":\"WebPage\",\"@id\":\"https:\/\/seubert-fruechte.de\/index.php\/produkt\/orangen-goetterfrucht\/\",\"url\":\"https:\/\/seubert-fruechte.de\/index.php\/produkt\/orangen-goetterfrucht\/\",\"name\":\"Orangen G\u00f6tterfrucht - Seubert Fr\u00fcchte\",\"isPartOf\":{\"@id\":\"https:\/\/seubert-fruechte.de\/#website\"},\"primaryImageOfPage\":{\"@id\":\"https:\/\/seubert-fruechte.de\/index.php\/produkt\/orangen-goetterfrucht\/#primaryimage\"},\"image\":{\"@id\":\"https:\/\/seubert-fruechte.de\/index.php\/produkt\/orangen-goetterfrucht\/#primaryimage\"},\"thumbnailUrl\":\"https:\/\/seubert-fruechte.de\/wp-content\/uploads\/2025\/08\/Orange.jpg\",\"datePublished\":\"2025-08-31T14:08:33+00:00\",\"dateModified\":\"2025-09-04T14:18:39+00:00\",\"breadcrumb\":{\"@id\":\"https:\/\/seubert-fruechte.de\/index.php\/produkt\/orangen-goetterfrucht\/#breadcrumb\"},\"inLanguage\":\"de\",\"potentialAction\":[{\"@type\":\"ReadAction\",\"target\":[\"https:\/\/seubert-fruechte.de\/index.php\/produkt\/orangen-goetterfrucht\/\"]}]},{\"@type\":\"ImageObject\",\"inLanguage\":\"de\",\"@id\":\"https:\/\/seubert-fruechte.de\/index.php\/produkt\/orangen-goetterfrucht\/#primaryimage\",\"url\":\"https:\/\/seubert-fruechte.de\/wp-content\/uploads\/2025\/08\/Orange.jpg\",\"contentUrl\":\"https:\/\/seubert-fruechte.de\/wp-content\/uploads\/2025\/08\/Orange.jpg\",\"width\":1280,\"height\":853},{\"@type\":\"BreadcrumbList\",\"@id\":\"https:\/\/seubert-fruechte.de\/index.php\/produkt\/orangen-goetterfrucht\/#breadcrumb\",\"itemListElement\":[{\"@type\":\"ListItem\",\"position\":1,\"name\":\"Startseite\",\"item\":\"https:\/\/seubert-fruechte.de\/\"},{\"@type\":\"ListItem\",\"position\":2,\"name\":\"Shop\",\"item\":\"https:\/\/seubert-fruechte.de\/index.php\/shop\/\"},{\"@type\":\"ListItem\",\"position\":3,\"name\":\"Orangen G\u00f6tterfrucht\"}]},{\"@type\":\"WebSite\",\"@id\":\"https:\/\/seubert-fruechte.de\/#website\",\"url\":\"https:\/\/seubert-fruechte.de\/\",\"name\":\"Seubert Fr\u00fcchte\",\"description\":\"\",\"potentialAction\":[{\"@type\":\"SearchAction\",\"target\":{\"@type\":\"EntryPoint\",\"urlTemplate\":\"https:\/\/seubert-fruechte.de\/?s={search_term_string}\"},\"query-input\":{\"@type\":\"PropertyValueSpecification\",\"valueRequired\":true,\"valueName\":\"search_term_string\"}}],\"inLanguage\":\"de\"}]}<\/script>\n<!-- \/ Yoast SEO plugin. -->","yoast_head_json":{"title":"Orangen G\u00f6tterfrucht - Seubert Fr\u00fcchte","robots":{"index":"index","follow":"follow","max-snippet":"max-snippet:-1","max-image-preview":"max-image-preview:large","max-video-preview":"max-video-preview:-1"},"canonical":"https:\/\/seubert-fruechte.de\/index.php\/produkt\/orangen-goetterfrucht\/","og_locale":"de_DE","og_type":"article","og_title":"Orangen G\u00f6tterfrucht - Seubert Fr\u00fcchte","og_description":"Die G\u00f6tterfrucht Orange ist eine Premium-Tafelorange mit au\u00dfergew\u00f6hnlichem Geschmack, exklusiver Herkunft und h\u00f6chstem Qualit\u00e4tsstandard. Sie \u00fcberzeugt durch ihr intensives Aroma, eine ausgewogene S\u00fc\u00dfe, exzellenten Saftgehalt und eine auff\u00e4llig feine Schale. Angebaut unter optimalen klimatischen Bedingungen und streng kontrollierten Standards, steht die G\u00f6tterfrucht Orange f\u00fcr ein besonderes Geschmackserlebnis und ein echtes Qualit\u00e4tsversprechen. Verpackung:\u00a0\u00a0je Verpackung 10kg Hinweis [&hellip;]","og_url":"https:\/\/seubert-fruechte.de\/index.php\/produkt\/orangen-goetterfrucht\/","og_site_name":"Seubert Fr\u00fcchte","article_modified_time":"2025-09-04T14:18:39+00:00","og_image":[{"width":1280,"height":853,"url":"https:\/\/seubert-fruechte.de\/wp-content\/uploads\/2025\/08\/Orange.jpg","type":"image\/jpeg"}],"twitter_card":"summary_large_image","twitter_misc":{"Gesch\u00e4tzte Lesezeit":"1\u00a0Minute"},"schema":{"@context":"https:\/\/schema.org","@graph":[{"@type":"WebPage","@id":"https:\/\/seubert-fruechte.de\/index.php\/produkt\/orangen-goetterfrucht\/","url":"https:\/\/seubert-fruechte.de\/index.php\/produkt\/orangen-goetterfrucht\/","name":"Orangen G\u00f6tterfrucht - Seubert Fr\u00fcchte","isPartOf":{"@id":"https:\/\/seubert-fruechte.de\/#website"},"primaryImageOfPage":{"@id":"https:\/\/seubert-fruechte.de\/index.php\/produkt\/orangen-goetterfrucht\/#primaryimage"},"image":{"@id":"https:\/\/seubert-fruechte.de\/index.php\/produkt\/orangen-goetterfrucht\/#primaryimage"},"thumbnailUrl":"https:\/\/seubert-fruechte.de\/wp-content\/uploads\/2025\/08\/Orange.jpg","datePublished":"2025-08-31T14:08:33+00:00","dateModified":"2025-09-04T14:18:39+00:00","breadcrumb":{"@id":"https:\/\/seubert-fruechte.de\/index.php\/produkt\/orangen-goetterfrucht\/#breadcrumb"},"inLanguage":"de","potentialAction":[{"@type":"ReadAction","target":["https:\/\/seubert-fruechte.de\/index.php\/produkt\/orangen-goetterfrucht\/"]}]},{"@type":"ImageObject","inLanguage":"de","@id":"https:\/\/seubert-fruechte.de\/index.php\/produkt\/orangen-goetterfrucht\/#primaryimage","url":"https:\/\/seubert-fruechte.de\/wp-content\/uploads\/2025\/08\/Orange.jpg","contentUrl":"https:\/\/seubert-fruechte.de\/wp-content\/uploads\/2025\/08\/Orange.jpg","width":1280,"height":853},{"@type":"BreadcrumbList","@id":"https:\/\/seubert-fruechte.de\/index.php\/produkt\/orangen-goetterfrucht\/#breadcrumb","itemListElement":[{"@type":"ListItem","position":1,"name":"Startseite","item":"https:\/\/seubert-fruechte.de\/"},{"@type":"ListItem","position":2,"name":"Shop","item":"https:\/\/seubert-fruechte.de\/index.php\/shop\/"},{"@type":"ListItem","position":3,"name":"Orangen G\u00f6tterfrucht"}]},{"@type":"WebSite","@id":"https:\/\/seubert-fruechte.de\/#website","url":"https:\/\/seubert-fruechte.de\/","name":"Seubert Fr\u00fcchte","description":"","potentialAction":[{"@type":"SearchAction","target":{"@type":"EntryPoint","urlTemplate":"https:\/\/seubert-fruechte.de\/?s={search_term_string}"},"query-input":{"@type":"PropertyValueSpecification","valueRequired":true,"valueName":"search_term_string"}}],"inLanguage":"de"}]}},"_links":{"self":[{"href":"https:\/\/seubert-fruechte.de\/index.php\/wp-json\/wp\/v2\/product\/130","targetHints":{"allow":["GET"]}}],"collection":[{"href":"https:\/\/seubert-fruechte.de\/index.php\/wp-json\/wp\/v2\/product"}],"about":[{"href":"https:\/\/seubert-fruechte.de\/index.php\/wp-json\/wp\/v2\/types\/product"}],"replies":[{"embeddable":true,"href":"https:\/\/seubert-fruechte.de\/index.php\/wp-json\/wp\/v2\/comments?post=130"}],"wp:featuredmedia":[{"embeddable":true,"href":"https:\/\/seubert-fruechte.de\/index.php\/wp-json\/wp\/v2\/media\/127"}],"wp:attachment":[{"href":"https:\/\/seubert-fruechte.de\/index.php\/wp-json\/wp\/v2\/media?parent=130"}],"wp:term":[{"taxonomy":"product_brand","embeddable":true,"href":"https:\/\/seubert-fruechte.de\/index.php\/wp-json\/wp\/v2\/product_brand?post=130"},{"taxonomy":"product_cat","embeddable":true,"href":"https:\/\/seubert-fruechte.de\/index.php\/wp-json\/wp\/v2\/product_cat?post=130"},{"taxonomy":"product_tag","embeddable":true,"href":"https:\/\/seubert-fruechte.de\/index.php\/wp-json\/wp\/v2\/product_tag?post=130"}],"curies":[{"name":"wp","href":"https:\/\/api.w.org\/{rel}","templated":true}]}}