{"id":116,"date":"2025-08-31T15:21:18","date_gmt":"2025-08-31T13:21:18","guid":{"rendered":"https:\/\/seubert-fruechte.de\/?post_type=product&#038;p=116"},"modified":"2025-09-10T16:34:33","modified_gmt":"2025-09-10T14:34:33","slug":"melone-cantaloupe-stueck","status":"publish","type":"product","link":"https:\/\/seubert-fruechte.de\/index.php\/produkt\/melone-cantaloupe-stueck\/","title":{"rendered":"Melone Cantaloupe St\u00fcck"},"content":{"rendered":"<p data-start=\"104\" data-end=\"312\">Die <strong data-start=\"502\" data-end=\"523\">Cantaloupe-Melone<\/strong> geh\u00f6rt zu den aromatischsten Melonensorten \u00fcberhaupt. Ihr zart orangefarbenes Fruchtfleisch ist besonders saftig und s\u00fc\u00df, mit einem intensiven, leicht moschusartigen Duft. Die fein genetzte, hellgr\u00fcne Schale mit den typischen Rippen macht sie optisch unverwechselbar. Ideal f\u00fcr den Frischverzehr, f\u00fcr Buffets, in Salaten oder als dekorative Beilage.<\/p>\n<p data-start=\"136\" data-end=\"366\"><strong>Hinweis zur Menge:\u00a0<\/strong><\/p>\n<p data-start=\"136\" data-end=\"366\">Menge 1 entspricht einer Melone<\/p>\n","protected":false},"excerpt":{"rendered":"<p>Die Cantaloupe-Melone geh\u00f6rt zu den aromatischsten Melonensorten \u00fcberhaupt. Ihr zart orangefarbenes Fruchtfleisch ist besonders saftig und s\u00fc\u00df, mit einem intensiven, leicht moschusartigen Duft. Die fein genetzte, hellgr\u00fcne Schale mit den typischen Rippen macht sie optisch unverwechselbar. Ideal f\u00fcr den Frischverzehr, f\u00fcr Buffets, in Salaten oder als dekorative Beilage. Hinweis zur Menge:\u00a0 Menge 1 entspricht einer [&hellip;]<\/p>\n","protected":false},"featured_media":117,"comment_status":"closed","ping_status":"closed","template":"","meta":[],"product_brand":[],"product_cat":[17],"product_tag":[],"class_list":{"0":"post-116","1":"product","2":"type-product","3":"status-publish","4":"has-post-thumbnail","6":"product_cat-fruechte","8":"first","9":"instock","10":"shipping-taxable","11":"purchasable","12":"product-type-simple"},"yoast_head":"<!-- This site is optimized with the Yoast SEO plugin v26.1.1 - https:\/\/yoast.com\/wordpress\/plugins\/seo\/ -->\n<title>Melone Cantaloupe St\u00fcck - Seubert Fr\u00fcchte<\/title>\n<meta name=\"robots\" content=\"index, follow, max-snippet:-1, max-image-preview:large, max-video-preview:-1\" \/>\n<link rel=\"canonical\" href=\"https:\/\/seubert-fruechte.de\/index.php\/produkt\/melone-cantaloupe-stueck\/\" \/>\n<meta property=\"og:locale\" content=\"de_DE\" \/>\n<meta property=\"og:type\" content=\"article\" \/>\n<meta property=\"og:title\" content=\"Melone Cantaloupe St\u00fcck - Seubert Fr\u00fcchte\" \/>\n<meta property=\"og:description\" content=\"Die Cantaloupe-Melone geh\u00f6rt zu den aromatischsten Melonensorten \u00fcberhaupt. Ihr zart orangefarbenes Fruchtfleisch ist besonders saftig und s\u00fc\u00df, mit einem intensiven, leicht moschusartigen Duft. Die fein genetzte, hellgr\u00fcne Schale mit den typischen Rippen macht sie optisch unverwechselbar. Ideal f\u00fcr den Frischverzehr, f\u00fcr Buffets, in Salaten oder als dekorative Beilage. Hinweis zur Menge:\u00a0 Menge 1 entspricht einer [&hellip;]\" \/>\n<meta property=\"og:url\" content=\"https:\/\/seubert-fruechte.de\/index.php\/produkt\/melone-cantaloupe-stueck\/\" \/>\n<meta property=\"og:site_name\" content=\"Seubert Fr\u00fcchte\" \/>\n<meta property=\"article:modified_time\" content=\"2025-09-10T14:34:33+00:00\" \/>\n<meta property=\"og:image\" content=\"https:\/\/seubert-fruechte.de\/wp-content\/uploads\/2025\/08\/Melone-Cantaloupe.jpg\" \/>\n\t<meta property=\"og:image:width\" content=\"1280\" \/>\n\t<meta property=\"og:image:height\" content=\"960\" \/>\n\t<meta property=\"og:image:type\" content=\"image\/jpeg\" \/>\n<meta name=\"twitter:card\" content=\"summary_large_image\" \/>\n<meta name=\"twitter:label1\" content=\"Gesch\u00e4tzte Lesezeit\" \/>\n\t<meta name=\"twitter:data1\" content=\"1\u00a0Minute\" \/>\n<script type=\"application\/ld+json\" class=\"yoast-schema-graph\">{\"@context\":\"https:\/\/schema.org\",\"@graph\":[{\"@type\":\"WebPage\",\"@id\":\"https:\/\/seubert-fruechte.de\/index.php\/produkt\/melone-cantaloupe-stueck\/\",\"url\":\"https:\/\/seubert-fruechte.de\/index.php\/produkt\/melone-cantaloupe-stueck\/\",\"name\":\"Melone Cantaloupe St\u00fcck - Seubert Fr\u00fcchte\",\"isPartOf\":{\"@id\":\"https:\/\/seubert-fruechte.de\/#website\"},\"primaryImageOfPage\":{\"@id\":\"https:\/\/seubert-fruechte.de\/index.php\/produkt\/melone-cantaloupe-stueck\/#primaryimage\"},\"image\":{\"@id\":\"https:\/\/seubert-fruechte.de\/index.php\/produkt\/melone-cantaloupe-stueck\/#primaryimage\"},\"thumbnailUrl\":\"https:\/\/seubert-fruechte.de\/wp-content\/uploads\/2025\/08\/Melone-Cantaloupe.jpg\",\"datePublished\":\"2025-08-31T13:21:18+00:00\",\"dateModified\":\"2025-09-10T14:34:33+00:00\",\"breadcrumb\":{\"@id\":\"https:\/\/seubert-fruechte.de\/index.php\/produkt\/melone-cantaloupe-stueck\/#breadcrumb\"},\"inLanguage\":\"de\",\"potentialAction\":[{\"@type\":\"ReadAction\",\"target\":[\"https:\/\/seubert-fruechte.de\/index.php\/produkt\/melone-cantaloupe-stueck\/\"]}]},{\"@type\":\"ImageObject\",\"inLanguage\":\"de\",\"@id\":\"https:\/\/seubert-fruechte.de\/index.php\/produkt\/melone-cantaloupe-stueck\/#primaryimage\",\"url\":\"https:\/\/seubert-fruechte.de\/wp-content\/uploads\/2025\/08\/Melone-Cantaloupe.jpg\",\"contentUrl\":\"https:\/\/seubert-fruechte.de\/wp-content\/uploads\/2025\/08\/Melone-Cantaloupe.jpg\",\"width\":1280,\"height\":960},{\"@type\":\"BreadcrumbList\",\"@id\":\"https:\/\/seubert-fruechte.de\/index.php\/produkt\/melone-cantaloupe-stueck\/#breadcrumb\",\"itemListElement\":[{\"@type\":\"ListItem\",\"position\":1,\"name\":\"Startseite\",\"item\":\"https:\/\/seubert-fruechte.de\/\"},{\"@type\":\"ListItem\",\"position\":2,\"name\":\"Shop\",\"item\":\"https:\/\/seubert-fruechte.de\/index.php\/shop\/\"},{\"@type\":\"ListItem\",\"position\":3,\"name\":\"Melone Cantaloupe St\u00fcck\"}]},{\"@type\":\"WebSite\",\"@id\":\"https:\/\/seubert-fruechte.de\/#website\",\"url\":\"https:\/\/seubert-fruechte.de\/\",\"name\":\"Seubert Fr\u00fcchte\",\"description\":\"\",\"potentialAction\":[{\"@type\":\"SearchAction\",\"target\":{\"@type\":\"EntryPoint\",\"urlTemplate\":\"https:\/\/seubert-fruechte.de\/?s={search_term_string}\"},\"query-input\":{\"@type\":\"PropertyValueSpecification\",\"valueRequired\":true,\"valueName\":\"search_term_string\"}}],\"inLanguage\":\"de\"}]}<\/script>\n<!-- \/ Yoast SEO plugin. -->","yoast_head_json":{"title":"Melone Cantaloupe St\u00fcck - Seubert Fr\u00fcchte","robots":{"index":"index","follow":"follow","max-snippet":"max-snippet:-1","max-image-preview":"max-image-preview:large","max-video-preview":"max-video-preview:-1"},"canonical":"https:\/\/seubert-fruechte.de\/index.php\/produkt\/melone-cantaloupe-stueck\/","og_locale":"de_DE","og_type":"article","og_title":"Melone Cantaloupe St\u00fcck - Seubert Fr\u00fcchte","og_description":"Die Cantaloupe-Melone geh\u00f6rt zu den aromatischsten Melonensorten \u00fcberhaupt. Ihr zart orangefarbenes Fruchtfleisch ist besonders saftig und s\u00fc\u00df, mit einem intensiven, leicht moschusartigen Duft. Die fein genetzte, hellgr\u00fcne Schale mit den typischen Rippen macht sie optisch unverwechselbar. Ideal f\u00fcr den Frischverzehr, f\u00fcr Buffets, in Salaten oder als dekorative Beilage. Hinweis zur Menge:\u00a0 Menge 1 entspricht einer [&hellip;]","og_url":"https:\/\/seubert-fruechte.de\/index.php\/produkt\/melone-cantaloupe-stueck\/","og_site_name":"Seubert Fr\u00fcchte","article_modified_time":"2025-09-10T14:34:33+00:00","og_image":[{"width":1280,"height":960,"url":"https:\/\/seubert-fruechte.de\/wp-content\/uploads\/2025\/08\/Melone-Cantaloupe.jpg","type":"image\/jpeg"}],"twitter_card":"summary_large_image","twitter_misc":{"Gesch\u00e4tzte Lesezeit":"1\u00a0Minute"},"schema":{"@context":"https:\/\/schema.org","@graph":[{"@type":"WebPage","@id":"https:\/\/seubert-fruechte.de\/index.php\/produkt\/melone-cantaloupe-stueck\/","url":"https:\/\/seubert-fruechte.de\/index.php\/produkt\/melone-cantaloupe-stueck\/","name":"Melone Cantaloupe St\u00fcck - Seubert Fr\u00fcchte","isPartOf":{"@id":"https:\/\/seubert-fruechte.de\/#website"},"primaryImageOfPage":{"@id":"https:\/\/seubert-fruechte.de\/index.php\/produkt\/melone-cantaloupe-stueck\/#primaryimage"},"image":{"@id":"https:\/\/seubert-fruechte.de\/index.php\/produkt\/melone-cantaloupe-stueck\/#primaryimage"},"thumbnailUrl":"https:\/\/seubert-fruechte.de\/wp-content\/uploads\/2025\/08\/Melone-Cantaloupe.jpg","datePublished":"2025-08-31T13:21:18+00:00","dateModified":"2025-09-10T14:34:33+00:00","breadcrumb":{"@id":"https:\/\/seubert-fruechte.de\/index.php\/produkt\/melone-cantaloupe-stueck\/#breadcrumb"},"inLanguage":"de","potentialAction":[{"@type":"ReadAction","target":["https:\/\/seubert-fruechte.de\/index.php\/produkt\/melone-cantaloupe-stueck\/"]}]},{"@type":"ImageObject","inLanguage":"de","@id":"https:\/\/seubert-fruechte.de\/index.php\/produkt\/melone-cantaloupe-stueck\/#primaryimage","url":"https:\/\/seubert-fruechte.de\/wp-content\/uploads\/2025\/08\/Melone-Cantaloupe.jpg","contentUrl":"https:\/\/seubert-fruechte.de\/wp-content\/uploads\/2025\/08\/Melone-Cantaloupe.jpg","width":1280,"height":960},{"@type":"BreadcrumbList","@id":"https:\/\/seubert-fruechte.de\/index.php\/produkt\/melone-cantaloupe-stueck\/#breadcrumb","itemListElement":[{"@type":"ListItem","position":1,"name":"Startseite","item":"https:\/\/seubert-fruechte.de\/"},{"@type":"ListItem","position":2,"name":"Shop","item":"https:\/\/seubert-fruechte.de\/index.php\/shop\/"},{"@type":"ListItem","position":3,"name":"Melone Cantaloupe St\u00fcck"}]},{"@type":"WebSite","@id":"https:\/\/seubert-fruechte.de\/#website","url":"https:\/\/seubert-fruechte.de\/","name":"Seubert Fr\u00fcchte","description":"","potentialAction":[{"@type":"SearchAction","target":{"@type":"EntryPoint","urlTemplate":"https:\/\/seubert-fruechte.de\/?s={search_term_string}"},"query-input":{"@type":"PropertyValueSpecification","valueRequired":true,"valueName":"search_term_string"}}],"inLanguage":"de"}]}},"_links":{"self":[{"href":"https:\/\/seubert-fruechte.de\/index.php\/wp-json\/wp\/v2\/product\/116","targetHints":{"allow":["GET"]}}],"collection":[{"href":"https:\/\/seubert-fruechte.de\/index.php\/wp-json\/wp\/v2\/product"}],"about":[{"href":"https:\/\/seubert-fruechte.de\/index.php\/wp-json\/wp\/v2\/types\/product"}],"replies":[{"embeddable":true,"href":"https:\/\/seubert-fruechte.de\/index.php\/wp-json\/wp\/v2\/comments?post=116"}],"wp:featuredmedia":[{"embeddable":true,"href":"https:\/\/seubert-fruechte.de\/index.php\/wp-json\/wp\/v2\/media\/117"}],"wp:attachment":[{"href":"https:\/\/seubert-fruechte.de\/index.php\/wp-json\/wp\/v2\/media?parent=116"}],"wp:term":[{"taxonomy":"product_brand","embeddable":true,"href":"https:\/\/seubert-fruechte.de\/index.php\/wp-json\/wp\/v2\/product_brand?post=116"},{"taxonomy":"product_cat","embeddable":true,"href":"https:\/\/seubert-fruechte.de\/index.php\/wp-json\/wp\/v2\/product_cat?post=116"},{"taxonomy":"product_tag","embeddable":true,"href":"https:\/\/seubert-fruechte.de\/index.php\/wp-json\/wp\/v2\/product_tag?post=116"}],"curies":[{"name":"wp","href":"https:\/\/api.w.org\/{rel}","templated":true}]}}