{"id":110,"date":"2025-08-31T14:49:09","date_gmt":"2025-08-31T12:49:09","guid":{"rendered":"https:\/\/seubert-fruechte.de\/?post_type=product&#038;p=110"},"modified":"2025-09-04T16:53:19","modified_gmt":"2025-09-04T14:53:19","slug":"apfel-gala-royal","status":"publish","type":"product","link":"https:\/\/seubert-fruechte.de\/index.php\/produkt\/apfel-gala-royal\/","title":{"rendered":"Apfel Gala Royal"},"content":{"rendered":"<h2><\/h2>\n<p data-start=\"112\" data-end=\"290\">Der <strong data-start=\"501\" data-end=\"521\">Gala Royal Apfel<\/strong> geh\u00f6rt zu den beliebtesten Tafel\u00e4pfeln weltweit \u2013 und das aus gutem Grund. Mit seiner intensiv roten Schale, seinem knackigen Biss und dem ausgewogen s\u00fc\u00dfen Aroma bietet er Frische pur in jeder Frucht.<\/p>\n<p data-start=\"112\" data-end=\"290\"><strong data-start=\"585\" data-end=\"600\">Verpackung:<\/strong>\u00a0 je nach Verpackung 12kg-18kg<\/p>\n<p data-start=\"136\" data-end=\"366\"><strong>Hinweis zur Menge:\u00a0<\/strong><\/p>\n<p data-start=\"136\" data-end=\"366\">Menge 1 entspricht einer Kiste<\/p>\n","protected":false},"excerpt":{"rendered":"<p>Der Gala Royal Apfel geh\u00f6rt zu den beliebtesten Tafel\u00e4pfeln weltweit \u2013 und das aus gutem Grund. Mit seiner intensiv roten Schale, seinem knackigen Biss und dem ausgewogen s\u00fc\u00dfen Aroma bietet er Frische pur in jeder Frucht. Verpackung:\u00a0 je nach Verpackung 12kg-18kg Hinweis zur Menge:\u00a0 Menge 1 entspricht einer Kiste<\/p>\n","protected":false},"featured_media":111,"comment_status":"closed","ping_status":"closed","template":"","meta":[],"product_brand":[],"product_cat":[19],"product_tag":[],"class_list":{"0":"post-110","1":"product","2":"type-product","3":"status-publish","4":"has-post-thumbnail","6":"product_cat-obst","8":"first","9":"instock","10":"shipping-taxable","11":"purchasable","12":"product-type-simple"},"yoast_head":"<!-- This site is optimized with the Yoast SEO plugin v26.1.1 - https:\/\/yoast.com\/wordpress\/plugins\/seo\/ -->\n<title>Apfel Gala Royal - Seubert Fr\u00fcchte<\/title>\n<meta name=\"robots\" content=\"index, follow, max-snippet:-1, max-image-preview:large, max-video-preview:-1\" \/>\n<link rel=\"canonical\" href=\"https:\/\/seubert-fruechte.de\/index.php\/produkt\/apfel-gala-royal\/\" \/>\n<meta property=\"og:locale\" content=\"de_DE\" \/>\n<meta property=\"og:type\" content=\"article\" \/>\n<meta property=\"og:title\" content=\"Apfel Gala Royal - Seubert Fr\u00fcchte\" \/>\n<meta property=\"og:description\" content=\"Der Gala Royal Apfel geh\u00f6rt zu den beliebtesten Tafel\u00e4pfeln weltweit \u2013 und das aus gutem Grund. Mit seiner intensiv roten Schale, seinem knackigen Biss und dem ausgewogen s\u00fc\u00dfen Aroma bietet er Frische pur in jeder Frucht. Verpackung:\u00a0 je nach Verpackung 12kg-18kg Hinweis zur Menge:\u00a0 Menge 1 entspricht einer Kiste\" \/>\n<meta property=\"og:url\" content=\"https:\/\/seubert-fruechte.de\/index.php\/produkt\/apfel-gala-royal\/\" \/>\n<meta property=\"og:site_name\" content=\"Seubert Fr\u00fcchte\" \/>\n<meta property=\"article:modified_time\" content=\"2025-09-04T14:53:19+00:00\" \/>\n<meta property=\"og:image\" content=\"https:\/\/seubert-fruechte.de\/wp-content\/uploads\/2025\/08\/Gala-Royal.jpg\" \/>\n\t<meta property=\"og:image:width\" content=\"1280\" \/>\n\t<meta property=\"og:image:height\" content=\"960\" \/>\n\t<meta property=\"og:image:type\" content=\"image\/jpeg\" \/>\n<meta name=\"twitter:card\" content=\"summary_large_image\" \/>\n<meta name=\"twitter:label1\" content=\"Gesch\u00e4tzte Lesezeit\" \/>\n\t<meta name=\"twitter:data1\" content=\"1\u00a0Minute\" \/>\n<script type=\"application\/ld+json\" class=\"yoast-schema-graph\">{\"@context\":\"https:\/\/schema.org\",\"@graph\":[{\"@type\":\"WebPage\",\"@id\":\"https:\/\/seubert-fruechte.de\/index.php\/produkt\/apfel-gala-royal\/\",\"url\":\"https:\/\/seubert-fruechte.de\/index.php\/produkt\/apfel-gala-royal\/\",\"name\":\"Apfel Gala Royal - Seubert Fr\u00fcchte\",\"isPartOf\":{\"@id\":\"https:\/\/seubert-fruechte.de\/#website\"},\"primaryImageOfPage\":{\"@id\":\"https:\/\/seubert-fruechte.de\/index.php\/produkt\/apfel-gala-royal\/#primaryimage\"},\"image\":{\"@id\":\"https:\/\/seubert-fruechte.de\/index.php\/produkt\/apfel-gala-royal\/#primaryimage\"},\"thumbnailUrl\":\"https:\/\/seubert-fruechte.de\/wp-content\/uploads\/2025\/08\/Gala-Royal.jpg\",\"datePublished\":\"2025-08-31T12:49:09+00:00\",\"dateModified\":\"2025-09-04T14:53:19+00:00\",\"breadcrumb\":{\"@id\":\"https:\/\/seubert-fruechte.de\/index.php\/produkt\/apfel-gala-royal\/#breadcrumb\"},\"inLanguage\":\"de\",\"potentialAction\":[{\"@type\":\"ReadAction\",\"target\":[\"https:\/\/seubert-fruechte.de\/index.php\/produkt\/apfel-gala-royal\/\"]}]},{\"@type\":\"ImageObject\",\"inLanguage\":\"de\",\"@id\":\"https:\/\/seubert-fruechte.de\/index.php\/produkt\/apfel-gala-royal\/#primaryimage\",\"url\":\"https:\/\/seubert-fruechte.de\/wp-content\/uploads\/2025\/08\/Gala-Royal.jpg\",\"contentUrl\":\"https:\/\/seubert-fruechte.de\/wp-content\/uploads\/2025\/08\/Gala-Royal.jpg\",\"width\":1280,\"height\":960},{\"@type\":\"BreadcrumbList\",\"@id\":\"https:\/\/seubert-fruechte.de\/index.php\/produkt\/apfel-gala-royal\/#breadcrumb\",\"itemListElement\":[{\"@type\":\"ListItem\",\"position\":1,\"name\":\"Startseite\",\"item\":\"https:\/\/seubert-fruechte.de\/\"},{\"@type\":\"ListItem\",\"position\":2,\"name\":\"Shop\",\"item\":\"https:\/\/seubert-fruechte.de\/index.php\/shop\/\"},{\"@type\":\"ListItem\",\"position\":3,\"name\":\"Apfel Gala Royal\"}]},{\"@type\":\"WebSite\",\"@id\":\"https:\/\/seubert-fruechte.de\/#website\",\"url\":\"https:\/\/seubert-fruechte.de\/\",\"name\":\"Seubert Fr\u00fcchte\",\"description\":\"\",\"potentialAction\":[{\"@type\":\"SearchAction\",\"target\":{\"@type\":\"EntryPoint\",\"urlTemplate\":\"https:\/\/seubert-fruechte.de\/?s={search_term_string}\"},\"query-input\":{\"@type\":\"PropertyValueSpecification\",\"valueRequired\":true,\"valueName\":\"search_term_string\"}}],\"inLanguage\":\"de\"}]}<\/script>\n<!-- \/ Yoast SEO plugin. -->","yoast_head_json":{"title":"Apfel Gala Royal - Seubert Fr\u00fcchte","robots":{"index":"index","follow":"follow","max-snippet":"max-snippet:-1","max-image-preview":"max-image-preview:large","max-video-preview":"max-video-preview:-1"},"canonical":"https:\/\/seubert-fruechte.de\/index.php\/produkt\/apfel-gala-royal\/","og_locale":"de_DE","og_type":"article","og_title":"Apfel Gala Royal - Seubert Fr\u00fcchte","og_description":"Der Gala Royal Apfel geh\u00f6rt zu den beliebtesten Tafel\u00e4pfeln weltweit \u2013 und das aus gutem Grund. Mit seiner intensiv roten Schale, seinem knackigen Biss und dem ausgewogen s\u00fc\u00dfen Aroma bietet er Frische pur in jeder Frucht. Verpackung:\u00a0 je nach Verpackung 12kg-18kg Hinweis zur Menge:\u00a0 Menge 1 entspricht einer Kiste","og_url":"https:\/\/seubert-fruechte.de\/index.php\/produkt\/apfel-gala-royal\/","og_site_name":"Seubert Fr\u00fcchte","article_modified_time":"2025-09-04T14:53:19+00:00","og_image":[{"width":1280,"height":960,"url":"https:\/\/seubert-fruechte.de\/wp-content\/uploads\/2025\/08\/Gala-Royal.jpg","type":"image\/jpeg"}],"twitter_card":"summary_large_image","twitter_misc":{"Gesch\u00e4tzte Lesezeit":"1\u00a0Minute"},"schema":{"@context":"https:\/\/schema.org","@graph":[{"@type":"WebPage","@id":"https:\/\/seubert-fruechte.de\/index.php\/produkt\/apfel-gala-royal\/","url":"https:\/\/seubert-fruechte.de\/index.php\/produkt\/apfel-gala-royal\/","name":"Apfel Gala Royal - Seubert Fr\u00fcchte","isPartOf":{"@id":"https:\/\/seubert-fruechte.de\/#website"},"primaryImageOfPage":{"@id":"https:\/\/seubert-fruechte.de\/index.php\/produkt\/apfel-gala-royal\/#primaryimage"},"image":{"@id":"https:\/\/seubert-fruechte.de\/index.php\/produkt\/apfel-gala-royal\/#primaryimage"},"thumbnailUrl":"https:\/\/seubert-fruechte.de\/wp-content\/uploads\/2025\/08\/Gala-Royal.jpg","datePublished":"2025-08-31T12:49:09+00:00","dateModified":"2025-09-04T14:53:19+00:00","breadcrumb":{"@id":"https:\/\/seubert-fruechte.de\/index.php\/produkt\/apfel-gala-royal\/#breadcrumb"},"inLanguage":"de","potentialAction":[{"@type":"ReadAction","target":["https:\/\/seubert-fruechte.de\/index.php\/produkt\/apfel-gala-royal\/"]}]},{"@type":"ImageObject","inLanguage":"de","@id":"https:\/\/seubert-fruechte.de\/index.php\/produkt\/apfel-gala-royal\/#primaryimage","url":"https:\/\/seubert-fruechte.de\/wp-content\/uploads\/2025\/08\/Gala-Royal.jpg","contentUrl":"https:\/\/seubert-fruechte.de\/wp-content\/uploads\/2025\/08\/Gala-Royal.jpg","width":1280,"height":960},{"@type":"BreadcrumbList","@id":"https:\/\/seubert-fruechte.de\/index.php\/produkt\/apfel-gala-royal\/#breadcrumb","itemListElement":[{"@type":"ListItem","position":1,"name":"Startseite","item":"https:\/\/seubert-fruechte.de\/"},{"@type":"ListItem","position":2,"name":"Shop","item":"https:\/\/seubert-fruechte.de\/index.php\/shop\/"},{"@type":"ListItem","position":3,"name":"Apfel Gala Royal"}]},{"@type":"WebSite","@id":"https:\/\/seubert-fruechte.de\/#website","url":"https:\/\/seubert-fruechte.de\/","name":"Seubert Fr\u00fcchte","description":"","potentialAction":[{"@type":"SearchAction","target":{"@type":"EntryPoint","urlTemplate":"https:\/\/seubert-fruechte.de\/?s={search_term_string}"},"query-input":{"@type":"PropertyValueSpecification","valueRequired":true,"valueName":"search_term_string"}}],"inLanguage":"de"}]}},"_links":{"self":[{"href":"https:\/\/seubert-fruechte.de\/index.php\/wp-json\/wp\/v2\/product\/110","targetHints":{"allow":["GET"]}}],"collection":[{"href":"https:\/\/seubert-fruechte.de\/index.php\/wp-json\/wp\/v2\/product"}],"about":[{"href":"https:\/\/seubert-fruechte.de\/index.php\/wp-json\/wp\/v2\/types\/product"}],"replies":[{"embeddable":true,"href":"https:\/\/seubert-fruechte.de\/index.php\/wp-json\/wp\/v2\/comments?post=110"}],"wp:featuredmedia":[{"embeddable":true,"href":"https:\/\/seubert-fruechte.de\/index.php\/wp-json\/wp\/v2\/media\/111"}],"wp:attachment":[{"href":"https:\/\/seubert-fruechte.de\/index.php\/wp-json\/wp\/v2\/media?parent=110"}],"wp:term":[{"taxonomy":"product_brand","embeddable":true,"href":"https:\/\/seubert-fruechte.de\/index.php\/wp-json\/wp\/v2\/product_brand?post=110"},{"taxonomy":"product_cat","embeddable":true,"href":"https:\/\/seubert-fruechte.de\/index.php\/wp-json\/wp\/v2\/product_cat?post=110"},{"taxonomy":"product_tag","embeddable":true,"href":"https:\/\/seubert-fruechte.de\/index.php\/wp-json\/wp\/v2\/product_tag?post=110"}],"curies":[{"name":"wp","href":"https:\/\/api.w.org\/{rel}","templated":true}]}}