{"id":29,"date":"2025-07-29T22:32:39","date_gmt":"2025-07-29T20:32:39","guid":{"rendered":"https:\/\/preview3.roari.de\/?page_id=29"},"modified":"2025-10-20T12:09:59","modified_gmt":"2025-10-20T10:09:59","slug":"ueber-uns","status":"publish","type":"page","link":"https:\/\/seubert-fruechte.de\/index.php\/ueber-uns\/","title":{"rendered":"\u00dcber uns"},"content":{"rendered":"\n<p>Unsere Firma ist ein <strong>inhabergef\u00fchrtes Unternehmen<\/strong>, das seit vielen Jahrzenten f\u00fcr <strong>Zuverl\u00e4ssigkeit, Frische und Qualit\u00e4t<\/strong> im Obst- und Gem\u00fcsegro\u00dfhandel steht. Mit pers\u00f6nlichem Engagement, langj\u00e4hriger Erfahrung und einem starken Netzwerk beliefern wir t\u00e4glich Gastronomiebetriebe, Hotels, Krankenh\u00e4user, Altenheime, Kantinen, Einzelh\u00e4ndler und Verarbeitungsbetriebe mit frischen Produkten.<\/p>\n\n\n\n<p>Als Familienbetrieb legen wir gro\u00dfen Wert auf <strong>pers\u00f6nliche Kundenbeziehungen<\/strong> und <strong>individuelle Betreuung<\/strong>. Bei uns stehen Sie als Kunde im Mittelpunkt \u2013 vom ersten Kontakt bis zur p\u00fcnktlichen Lieferung. Kurze Entscheidungswege und direkte Kommunikation erm\u00f6glichen uns, flexibel auf Ihre W\u00fcnsche und Anforderungen zu reagieren.<\/p>\n\n\n\n<p>Durch enge Zusammenarbeit mit regionalen Erzeugern und bew\u00e4hrten Importpartnern garantieren wir <strong>h\u00f6chste Qualit\u00e4t und Frische \u2013 Tag f\u00fcr Tag<\/strong>.<\/p>\n\n\n\n<p>Ob Standardware oder Sonderbestellung \u2013 wir finden immer die passende L\u00f6sung f\u00fcr Ihre Anforderungen.<\/p>\n\n\n\n<p><strong>Unser Ziel:<\/strong> Frische, Qualit\u00e4t und Service auf h\u00f6chstem Niveau \u2013 mit Herz, Hand und Leidenschaft gef\u00fchrt.<\/p>\n\n\n\n<p><\/p>\n\n\n\n<p><\/p>\n\n\n\n<p><\/p>\n\n\n<div class=\"wp-block-image\">\n<figure class=\"aligncenter size-large is-resized\"><img decoding=\"async\" src=\"https:\/\/seubert-fruechte.de\/wp-content\/uploads\/2025\/08\/11.54.02.jpg\" alt=\"\" style=\"width:580px;height:auto\" \/><\/figure>\n<\/div>\n\n\n<p><\/p>\n","protected":false},"excerpt":{"rendered":"<p>Unsere Firma ist ein inhabergef\u00fchrtes Unternehmen, das seit vielen Jahrzenten f\u00fcr Zuverl\u00e4ssigkeit, Frische und Qualit\u00e4t im Obst- und Gem\u00fcsegro\u00dfhandel steht. Mit pers\u00f6nlichem Engagement, langj\u00e4hriger Erfahrung und einem starken Netzwerk beliefern wir t\u00e4glich Gastronomiebetriebe, Hotels, Krankenh\u00e4user, Altenheime, Kantinen, Einzelh\u00e4ndler und Verarbeitungsbetriebe mit frischen Produkten. Als Familienbetrieb legen wir gro\u00dfen Wert auf pers\u00f6nliche Kundenbeziehungen und individuelle Betreuung. [&hellip;]<\/p>\n","protected":false},"author":1,"featured_media":0,"parent":0,"menu_order":0,"comment_status":"closed","ping_status":"closed","template":"","meta":{"footnotes":""},"class_list":["post-29","page","type-page","status-publish","hentry"],"yoast_head":"<!-- This site is optimized with the Yoast SEO plugin v26.1.1 - https:\/\/yoast.com\/wordpress\/plugins\/seo\/ -->\n<title>\u00dcber uns - Seubert Fr\u00fcchte<\/title>\n<meta name=\"robots\" content=\"index, follow, max-snippet:-1, max-image-preview:large, max-video-preview:-1\" \/>\n<link rel=\"canonical\" href=\"https:\/\/seubert-fruechte.de\/index.php\/ueber-uns\/\" \/>\n<meta property=\"og:locale\" content=\"de_DE\" \/>\n<meta property=\"og:type\" content=\"article\" \/>\n<meta property=\"og:title\" content=\"\u00dcber uns - Seubert Fr\u00fcchte\" \/>\n<meta property=\"og:description\" content=\"Unsere Firma ist ein inhabergef\u00fchrtes Unternehmen, das seit vielen Jahrzenten f\u00fcr Zuverl\u00e4ssigkeit, Frische und Qualit\u00e4t im Obst- und Gem\u00fcsegro\u00dfhandel steht. Mit pers\u00f6nlichem Engagement, langj\u00e4hriger Erfahrung und einem starken Netzwerk beliefern wir t\u00e4glich Gastronomiebetriebe, Hotels, Krankenh\u00e4user, Altenheime, Kantinen, Einzelh\u00e4ndler und Verarbeitungsbetriebe mit frischen Produkten. Als Familienbetrieb legen wir gro\u00dfen Wert auf pers\u00f6nliche Kundenbeziehungen und individuelle Betreuung. [&hellip;]\" \/>\n<meta property=\"og:url\" content=\"https:\/\/seubert-fruechte.de\/index.php\/ueber-uns\/\" \/>\n<meta property=\"og:site_name\" content=\"Seubert Fr\u00fcchte\" \/>\n<meta property=\"article:modified_time\" content=\"2025-10-20T10:09:59+00:00\" \/>\n<meta property=\"og:image\" content=\"https:\/\/seubert-fruechte.de\/wp-content\/uploads\/2025\/08\/11.54.02.jpg\" \/>\n<meta name=\"twitter:card\" content=\"summary_large_image\" \/>\n<meta name=\"twitter:label1\" content=\"Gesch\u00e4tzte Lesezeit\" \/>\n\t<meta name=\"twitter:data1\" content=\"1\u00a0Minute\" \/>\n<script type=\"application\/ld+json\" class=\"yoast-schema-graph\">{\"@context\":\"https:\/\/schema.org\",\"@graph\":[{\"@type\":\"WebPage\",\"@id\":\"https:\/\/seubert-fruechte.de\/index.php\/ueber-uns\/\",\"url\":\"https:\/\/seubert-fruechte.de\/index.php\/ueber-uns\/\",\"name\":\"\u00dcber uns - Seubert Fr\u00fcchte\",\"isPartOf\":{\"@id\":\"https:\/\/seubert-fruechte.de\/#website\"},\"primaryImageOfPage\":{\"@id\":\"https:\/\/seubert-fruechte.de\/index.php\/ueber-uns\/#primaryimage\"},\"image\":{\"@id\":\"https:\/\/seubert-fruechte.de\/index.php\/ueber-uns\/#primaryimage\"},\"thumbnailUrl\":\"https:\/\/seubert-fruechte.de\/wp-content\/uploads\/2025\/08\/11.54.02.jpg\",\"datePublished\":\"2025-07-29T20:32:39+00:00\",\"dateModified\":\"2025-10-20T10:09:59+00:00\",\"breadcrumb\":{\"@id\":\"https:\/\/seubert-fruechte.de\/index.php\/ueber-uns\/#breadcrumb\"},\"inLanguage\":\"de\",\"potentialAction\":[{\"@type\":\"ReadAction\",\"target\":[\"https:\/\/seubert-fruechte.de\/index.php\/ueber-uns\/\"]}]},{\"@type\":\"ImageObject\",\"inLanguage\":\"de\",\"@id\":\"https:\/\/seubert-fruechte.de\/index.php\/ueber-uns\/#primaryimage\",\"url\":\"https:\/\/seubert-fruechte.de\/wp-content\/uploads\/2025\/08\/11.54.02.jpg\",\"contentUrl\":\"https:\/\/seubert-fruechte.de\/wp-content\/uploads\/2025\/08\/11.54.02.jpg\",\"width\":1570,\"height\":1288,\"caption\":\"Unsere Experten stehen Ihnen jederzeit beratend zur Seite!\"},{\"@type\":\"BreadcrumbList\",\"@id\":\"https:\/\/seubert-fruechte.de\/index.php\/ueber-uns\/#breadcrumb\",\"itemListElement\":[{\"@type\":\"ListItem\",\"position\":1,\"name\":\"Startseite\",\"item\":\"https:\/\/seubert-fruechte.de\/\"},{\"@type\":\"ListItem\",\"position\":2,\"name\":\"\u00dcber uns\"}]},{\"@type\":\"WebSite\",\"@id\":\"https:\/\/seubert-fruechte.de\/#website\",\"url\":\"https:\/\/seubert-fruechte.de\/\",\"name\":\"Seubert Fr\u00fcchte\",\"description\":\"\",\"potentialAction\":[{\"@type\":\"SearchAction\",\"target\":{\"@type\":\"EntryPoint\",\"urlTemplate\":\"https:\/\/seubert-fruechte.de\/?s={search_term_string}\"},\"query-input\":{\"@type\":\"PropertyValueSpecification\",\"valueRequired\":true,\"valueName\":\"search_term_string\"}}],\"inLanguage\":\"de\"}]}<\/script>\n<!-- \/ Yoast SEO plugin. -->","yoast_head_json":{"title":"\u00dcber uns - Seubert Fr\u00fcchte","robots":{"index":"index","follow":"follow","max-snippet":"max-snippet:-1","max-image-preview":"max-image-preview:large","max-video-preview":"max-video-preview:-1"},"canonical":"https:\/\/seubert-fruechte.de\/index.php\/ueber-uns\/","og_locale":"de_DE","og_type":"article","og_title":"\u00dcber uns - Seubert Fr\u00fcchte","og_description":"Unsere Firma ist ein inhabergef\u00fchrtes Unternehmen, das seit vielen Jahrzenten f\u00fcr Zuverl\u00e4ssigkeit, Frische und Qualit\u00e4t im Obst- und Gem\u00fcsegro\u00dfhandel steht. Mit pers\u00f6nlichem Engagement, langj\u00e4hriger Erfahrung und einem starken Netzwerk beliefern wir t\u00e4glich Gastronomiebetriebe, Hotels, Krankenh\u00e4user, Altenheime, Kantinen, Einzelh\u00e4ndler und Verarbeitungsbetriebe mit frischen Produkten. Als Familienbetrieb legen wir gro\u00dfen Wert auf pers\u00f6nliche Kundenbeziehungen und individuelle Betreuung. [&hellip;]","og_url":"https:\/\/seubert-fruechte.de\/index.php\/ueber-uns\/","og_site_name":"Seubert Fr\u00fcchte","article_modified_time":"2025-10-20T10:09:59+00:00","og_image":[{"url":"https:\/\/seubert-fruechte.de\/wp-content\/uploads\/2025\/08\/11.54.02.jpg","type":"","width":"","height":""}],"twitter_card":"summary_large_image","twitter_misc":{"Gesch\u00e4tzte Lesezeit":"1\u00a0Minute"},"schema":{"@context":"https:\/\/schema.org","@graph":[{"@type":"WebPage","@id":"https:\/\/seubert-fruechte.de\/index.php\/ueber-uns\/","url":"https:\/\/seubert-fruechte.de\/index.php\/ueber-uns\/","name":"\u00dcber uns - Seubert Fr\u00fcchte","isPartOf":{"@id":"https:\/\/seubert-fruechte.de\/#website"},"primaryImageOfPage":{"@id":"https:\/\/seubert-fruechte.de\/index.php\/ueber-uns\/#primaryimage"},"image":{"@id":"https:\/\/seubert-fruechte.de\/index.php\/ueber-uns\/#primaryimage"},"thumbnailUrl":"https:\/\/seubert-fruechte.de\/wp-content\/uploads\/2025\/08\/11.54.02.jpg","datePublished":"2025-07-29T20:32:39+00:00","dateModified":"2025-10-20T10:09:59+00:00","breadcrumb":{"@id":"https:\/\/seubert-fruechte.de\/index.php\/ueber-uns\/#breadcrumb"},"inLanguage":"de","potentialAction":[{"@type":"ReadAction","target":["https:\/\/seubert-fruechte.de\/index.php\/ueber-uns\/"]}]},{"@type":"ImageObject","inLanguage":"de","@id":"https:\/\/seubert-fruechte.de\/index.php\/ueber-uns\/#primaryimage","url":"https:\/\/seubert-fruechte.de\/wp-content\/uploads\/2025\/08\/11.54.02.jpg","contentUrl":"https:\/\/seubert-fruechte.de\/wp-content\/uploads\/2025\/08\/11.54.02.jpg","width":1570,"height":1288,"caption":"Unsere Experten stehen Ihnen jederzeit beratend zur Seite!"},{"@type":"BreadcrumbList","@id":"https:\/\/seubert-fruechte.de\/index.php\/ueber-uns\/#breadcrumb","itemListElement":[{"@type":"ListItem","position":1,"name":"Startseite","item":"https:\/\/seubert-fruechte.de\/"},{"@type":"ListItem","position":2,"name":"\u00dcber uns"}]},{"@type":"WebSite","@id":"https:\/\/seubert-fruechte.de\/#website","url":"https:\/\/seubert-fruechte.de\/","name":"Seubert Fr\u00fcchte","description":"","potentialAction":[{"@type":"SearchAction","target":{"@type":"EntryPoint","urlTemplate":"https:\/\/seubert-fruechte.de\/?s={search_term_string}"},"query-input":{"@type":"PropertyValueSpecification","valueRequired":true,"valueName":"search_term_string"}}],"inLanguage":"de"}]}},"_links":{"self":[{"href":"https:\/\/seubert-fruechte.de\/index.php\/wp-json\/wp\/v2\/pages\/29","targetHints":{"allow":["GET"]}}],"collection":[{"href":"https:\/\/seubert-fruechte.de\/index.php\/wp-json\/wp\/v2\/pages"}],"about":[{"href":"https:\/\/seubert-fruechte.de\/index.php\/wp-json\/wp\/v2\/types\/page"}],"author":[{"embeddable":true,"href":"https:\/\/seubert-fruechte.de\/index.php\/wp-json\/wp\/v2\/users\/1"}],"replies":[{"embeddable":true,"href":"https:\/\/seubert-fruechte.de\/index.php\/wp-json\/wp\/v2\/comments?post=29"}],"version-history":[{"count":17,"href":"https:\/\/seubert-fruechte.de\/index.php\/wp-json\/wp\/v2\/pages\/29\/revisions"}],"predecessor-version":[{"id":567,"href":"https:\/\/seubert-fruechte.de\/index.php\/wp-json\/wp\/v2\/pages\/29\/revisions\/567"}],"wp:attachment":[{"href":"https:\/\/seubert-fruechte.de\/index.php\/wp-json\/wp\/v2\/media?parent=29"}],"curies":[{"name":"wp","href":"https:\/\/api.w.org\/{rel}","templated":true}]}}