{"id":27,"date":"2025-07-29T22:32:24","date_gmt":"2025-07-29T20:32:24","guid":{"rendered":"https:\/\/preview3.roari.de\/?page_id=27"},"modified":"2025-10-26T10:20:03","modified_gmt":"2025-10-26T09:20:03","slug":"sortiment","status":"publish","type":"page","link":"https:\/\/seubert-fruechte.de\/index.php\/sortiment\/","title":{"rendered":"Unser Sortiment"},"content":{"rendered":"\n<p>Frische, Qualit\u00e4t und Vielfalt \u2013 daf\u00fcr steht unser Gem\u00fcse- und Obstgro\u00dfhandel. Wir beliefern Gastronomiebetriebe, Einzelh\u00e4ndler, Kantinen, Krankenh\u00e4user, Altenheime, Hotels und Verarbeitungsbetriebe t\u00e4glich mit einem umfangreichen Sortiment an erntefrischen Produkten.<\/p>\n\n\n\n<p>Unser Angebot umfasst:<\/p>\n\n\n\n<p>\ud83e\udd66<strong>Frisches Gem\u00fcse<\/strong>: Von klassischen Sorten wie Kartoffeln, Karotten und Zwiebeln bis zu saisonalen Spezialit\u00e4ten wie Spargel, K\u00fcrbis oder frischen Kr\u00e4utern.<\/p>\n\n\n\n<p>\ud83c\udf4e<strong>Frisches Obst<\/strong>: Eine gro\u00dfe Auswahl an heimischen und exotischen Fr\u00fcchten \u2013 \u00c4pfel, Birnen, Beeren, Zitrusfr\u00fcchte, Bananen und vieles mehr.<\/p>\n\n\n\n<p>\ud83e\udd6c<strong>Salate &amp; Kr\u00e4uter<\/strong>: Von knackigem Kopfsalat \u00fcber Rucola bis zu aromatischen Kr\u00e4utern wie Basilikum, Petersilie und Dill.<\/p>\n\n\n\n<p>\ud83e\udd6d<strong>Exoten &amp; Spezialit\u00e4ten<\/strong>: Mango, Avocado, Ingwer, Limetten und andere internationale Produkte f\u00fcr besondere K\u00fcchenkreationen.<\/p>\n\n\n\n<p>\ud83e\udd57<strong>Schnittware: <\/strong>Geschnittene Salate, geschnittenes Gem\u00fcse, gesch\u00e4lte Kartoffeln, geputzter Feldsalat und noch vieles mehr. F\u00fcr uns kein Problem. Bei Fragen               melden Sie sich einfach bei uns <\/p>\n\n\n\n<p>Dank unserer engen Zusammenarbeit mit regionalen Erzeugern und internationalen Partnern garantieren wir <strong>h\u00f6chste Qualit\u00e4t, kurze Lieferzeiten und optimale Frische<\/strong>. T\u00e4gliche Lieferungen \u2013 individuell auf Ihre Bed\u00fcrfnisse abgestimmt, stellen f\u00fcr uns kein Problem dar.<\/p>\n\n\n\n<p>Ob saisonal, regional oder exotisch \u2013<strong> wir bringen die Frische direkt zu Ihnen.<\/strong><\/p>\n\n\n\n<p><\/p>\n\n\n\n<div class=\"wp-block-columns is-layout-flex wp-container-core-columns-is-layout-28f84493 wp-block-columns-is-layout-flex\">\n<div class=\"wp-block-column is-layout-flow wp-block-column-is-layout-flow\">\n<figure class=\"wp-block-image size-large\"><img loading=\"lazy\" decoding=\"async\" width=\"1024\" height=\"682\" src=\"https:\/\/seubert-fruechte.de\/wp-content\/uploads\/2025\/10\/Himbeeren-2-1024x682.jpg\" alt=\"\" class=\"wp-image-526\" srcset=\"https:\/\/seubert-fruechte.de\/wp-content\/uploads\/2025\/10\/Himbeeren-2-1024x682.jpg 1024w, https:\/\/seubert-fruechte.de\/wp-content\/uploads\/2025\/10\/Himbeeren-2-300x200.jpg 300w, https:\/\/seubert-fruechte.de\/wp-content\/uploads\/2025\/10\/Himbeeren-2-768x512.jpg 768w, https:\/\/seubert-fruechte.de\/wp-content\/uploads\/2025\/10\/Himbeeren-2-416x277.jpg 416w, https:\/\/seubert-fruechte.de\/wp-content\/uploads\/2025\/10\/Himbeeren-2.jpg 1280w\" sizes=\"auto, (max-width: 1024px) 100vw, 1024px\" \/><\/figure>\n<\/div>\n\n\n\n<div class=\"wp-block-column is-layout-flow wp-block-column-is-layout-flow\">\n<figure class=\"wp-block-gallery has-nested-images columns-default is-cropped wp-block-gallery-1 is-layout-flex wp-block-gallery-is-layout-flex\">\n<figure class=\"wp-block-image size-large\"><img loading=\"lazy\" decoding=\"async\" width=\"1024\" height=\"682\" data-id=\"527\" src=\"https:\/\/seubert-fruechte.de\/wp-content\/uploads\/2025\/10\/Heidelbeeren-1-1024x682.jpg\" alt=\"\" class=\"wp-image-527\" srcset=\"https:\/\/seubert-fruechte.de\/wp-content\/uploads\/2025\/10\/Heidelbeeren-1-1024x682.jpg 1024w, https:\/\/seubert-fruechte.de\/wp-content\/uploads\/2025\/10\/Heidelbeeren-1-300x200.jpg 300w, https:\/\/seubert-fruechte.de\/wp-content\/uploads\/2025\/10\/Heidelbeeren-1-768x512.jpg 768w, https:\/\/seubert-fruechte.de\/wp-content\/uploads\/2025\/10\/Heidelbeeren-1-416x277.jpg 416w, https:\/\/seubert-fruechte.de\/wp-content\/uploads\/2025\/10\/Heidelbeeren-1.jpg 1280w\" sizes=\"auto, (max-width: 1024px) 100vw, 1024px\" \/><\/figure>\n<\/figure>\n<\/div>\n\n\n\n<div class=\"wp-block-column is-layout-flow wp-block-column-is-layout-flow\">\n<figure class=\"wp-block-image size-large\"><img loading=\"lazy\" decoding=\"async\" width=\"1024\" height=\"682\" src=\"https:\/\/seubert-fruechte.de\/wp-content\/uploads\/2025\/09\/Fleischtomaten-1024x682.jpg\" alt=\"\" class=\"wp-image-467\" srcset=\"https:\/\/seubert-fruechte.de\/wp-content\/uploads\/2025\/09\/Fleischtomaten-1024x682.jpg 1024w, https:\/\/seubert-fruechte.de\/wp-content\/uploads\/2025\/09\/Fleischtomaten-300x200.jpg 300w, https:\/\/seubert-fruechte.de\/wp-content\/uploads\/2025\/09\/Fleischtomaten-768x512.jpg 768w, https:\/\/seubert-fruechte.de\/wp-content\/uploads\/2025\/09\/Fleischtomaten-416x277.jpg 416w, https:\/\/seubert-fruechte.de\/wp-content\/uploads\/2025\/09\/Fleischtomaten.jpg 1280w\" sizes=\"auto, (max-width: 1024px) 100vw, 1024px\" \/><\/figure>\n<\/div>\n<\/div>\n\n\n\n<p><\/p>\n","protected":false},"excerpt":{"rendered":"<p>Frische, Qualit\u00e4t und Vielfalt \u2013 daf\u00fcr steht unser Gem\u00fcse- und Obstgro\u00dfhandel. Wir beliefern Gastronomiebetriebe, Einzelh\u00e4ndler, Kantinen, Krankenh\u00e4user, Altenheime, Hotels und Verarbeitungsbetriebe t\u00e4glich mit einem umfangreichen Sortiment an erntefrischen Produkten. Unser Angebot umfasst: \ud83e\udd66Frisches Gem\u00fcse: Von klassischen Sorten wie Kartoffeln, Karotten und Zwiebeln bis zu saisonalen Spezialit\u00e4ten wie Spargel, K\u00fcrbis oder frischen Kr\u00e4utern. \ud83c\udf4eFrisches Obst: Eine [&hellip;]<\/p>\n","protected":false},"author":1,"featured_media":0,"parent":0,"menu_order":0,"comment_status":"closed","ping_status":"closed","template":"","meta":{"footnotes":""},"class_list":["post-27","page","type-page","status-publish","hentry"],"yoast_head":"<!-- This site is optimized with the Yoast SEO plugin v26.1.1 - https:\/\/yoast.com\/wordpress\/plugins\/seo\/ -->\n<title>Unser Sortiment - Seubert Fr\u00fcchte<\/title>\n<meta name=\"robots\" content=\"index, follow, max-snippet:-1, max-image-preview:large, max-video-preview:-1\" \/>\n<link rel=\"canonical\" href=\"https:\/\/seubert-fruechte.de\/index.php\/sortiment\/\" \/>\n<meta property=\"og:locale\" content=\"de_DE\" \/>\n<meta property=\"og:type\" content=\"article\" \/>\n<meta property=\"og:title\" content=\"Unser Sortiment - Seubert Fr\u00fcchte\" \/>\n<meta property=\"og:description\" content=\"Frische, Qualit\u00e4t und Vielfalt \u2013 daf\u00fcr steht unser Gem\u00fcse- und Obstgro\u00dfhandel. Wir beliefern Gastronomiebetriebe, Einzelh\u00e4ndler, Kantinen, Krankenh\u00e4user, Altenheime, Hotels und Verarbeitungsbetriebe t\u00e4glich mit einem umfangreichen Sortiment an erntefrischen Produkten. Unser Angebot umfasst: \ud83e\udd66Frisches Gem\u00fcse: Von klassischen Sorten wie Kartoffeln, Karotten und Zwiebeln bis zu saisonalen Spezialit\u00e4ten wie Spargel, K\u00fcrbis oder frischen Kr\u00e4utern. \ud83c\udf4eFrisches Obst: Eine [&hellip;]\" \/>\n<meta property=\"og:url\" content=\"https:\/\/seubert-fruechte.de\/index.php\/sortiment\/\" \/>\n<meta property=\"og:site_name\" content=\"Seubert Fr\u00fcchte\" \/>\n<meta property=\"article:modified_time\" content=\"2025-10-26T09:20:03+00:00\" \/>\n<meta property=\"og:image\" content=\"https:\/\/seubert-fruechte.de\/wp-content\/uploads\/2025\/10\/Himbeeren-2.jpg\" \/>\n\t<meta property=\"og:image:width\" content=\"1280\" \/>\n\t<meta property=\"og:image:height\" content=\"853\" \/>\n\t<meta property=\"og:image:type\" content=\"image\/jpeg\" \/>\n<meta name=\"twitter:card\" content=\"summary_large_image\" \/>\n<meta name=\"twitter:label1\" content=\"Gesch\u00e4tzte Lesezeit\" \/>\n\t<meta name=\"twitter:data1\" content=\"2\u00a0Minuten\" \/>\n<script type=\"application\/ld+json\" class=\"yoast-schema-graph\">{\"@context\":\"https:\/\/schema.org\",\"@graph\":[{\"@type\":\"WebPage\",\"@id\":\"https:\/\/seubert-fruechte.de\/index.php\/sortiment\/\",\"url\":\"https:\/\/seubert-fruechte.de\/index.php\/sortiment\/\",\"name\":\"Unser Sortiment - Seubert Fr\u00fcchte\",\"isPartOf\":{\"@id\":\"https:\/\/seubert-fruechte.de\/#website\"},\"primaryImageOfPage\":{\"@id\":\"https:\/\/seubert-fruechte.de\/index.php\/sortiment\/#primaryimage\"},\"image\":{\"@id\":\"https:\/\/seubert-fruechte.de\/index.php\/sortiment\/#primaryimage\"},\"thumbnailUrl\":\"https:\/\/seubert-fruechte.de\/wp-content\/uploads\/2025\/10\/Himbeeren-2-1024x682.jpg\",\"datePublished\":\"2025-07-29T20:32:24+00:00\",\"dateModified\":\"2025-10-26T09:20:03+00:00\",\"breadcrumb\":{\"@id\":\"https:\/\/seubert-fruechte.de\/index.php\/sortiment\/#breadcrumb\"},\"inLanguage\":\"de\",\"potentialAction\":[{\"@type\":\"ReadAction\",\"target\":[\"https:\/\/seubert-fruechte.de\/index.php\/sortiment\/\"]}]},{\"@type\":\"ImageObject\",\"inLanguage\":\"de\",\"@id\":\"https:\/\/seubert-fruechte.de\/index.php\/sortiment\/#primaryimage\",\"url\":\"https:\/\/seubert-fruechte.de\/wp-content\/uploads\/2025\/10\/Himbeeren-2.jpg\",\"contentUrl\":\"https:\/\/seubert-fruechte.de\/wp-content\/uploads\/2025\/10\/Himbeeren-2.jpg\",\"width\":1280,\"height\":853},{\"@type\":\"BreadcrumbList\",\"@id\":\"https:\/\/seubert-fruechte.de\/index.php\/sortiment\/#breadcrumb\",\"itemListElement\":[{\"@type\":\"ListItem\",\"position\":1,\"name\":\"Startseite\",\"item\":\"https:\/\/seubert-fruechte.de\/\"},{\"@type\":\"ListItem\",\"position\":2,\"name\":\"Unser Sortiment\"}]},{\"@type\":\"WebSite\",\"@id\":\"https:\/\/seubert-fruechte.de\/#website\",\"url\":\"https:\/\/seubert-fruechte.de\/\",\"name\":\"Seubert Fr\u00fcchte\",\"description\":\"\",\"potentialAction\":[{\"@type\":\"SearchAction\",\"target\":{\"@type\":\"EntryPoint\",\"urlTemplate\":\"https:\/\/seubert-fruechte.de\/?s={search_term_string}\"},\"query-input\":{\"@type\":\"PropertyValueSpecification\",\"valueRequired\":true,\"valueName\":\"search_term_string\"}}],\"inLanguage\":\"de\"}]}<\/script>\n<!-- \/ Yoast SEO plugin. -->","yoast_head_json":{"title":"Unser Sortiment - Seubert Fr\u00fcchte","robots":{"index":"index","follow":"follow","max-snippet":"max-snippet:-1","max-image-preview":"max-image-preview:large","max-video-preview":"max-video-preview:-1"},"canonical":"https:\/\/seubert-fruechte.de\/index.php\/sortiment\/","og_locale":"de_DE","og_type":"article","og_title":"Unser Sortiment - Seubert Fr\u00fcchte","og_description":"Frische, Qualit\u00e4t und Vielfalt \u2013 daf\u00fcr steht unser Gem\u00fcse- und Obstgro\u00dfhandel. Wir beliefern Gastronomiebetriebe, Einzelh\u00e4ndler, Kantinen, Krankenh\u00e4user, Altenheime, Hotels und Verarbeitungsbetriebe t\u00e4glich mit einem umfangreichen Sortiment an erntefrischen Produkten. Unser Angebot umfasst: \ud83e\udd66Frisches Gem\u00fcse: Von klassischen Sorten wie Kartoffeln, Karotten und Zwiebeln bis zu saisonalen Spezialit\u00e4ten wie Spargel, K\u00fcrbis oder frischen Kr\u00e4utern. \ud83c\udf4eFrisches Obst: Eine [&hellip;]","og_url":"https:\/\/seubert-fruechte.de\/index.php\/sortiment\/","og_site_name":"Seubert Fr\u00fcchte","article_modified_time":"2025-10-26T09:20:03+00:00","og_image":[{"width":1280,"height":853,"url":"https:\/\/seubert-fruechte.de\/wp-content\/uploads\/2025\/10\/Himbeeren-2.jpg","type":"image\/jpeg"}],"twitter_card":"summary_large_image","twitter_misc":{"Gesch\u00e4tzte Lesezeit":"2\u00a0Minuten"},"schema":{"@context":"https:\/\/schema.org","@graph":[{"@type":"WebPage","@id":"https:\/\/seubert-fruechte.de\/index.php\/sortiment\/","url":"https:\/\/seubert-fruechte.de\/index.php\/sortiment\/","name":"Unser Sortiment - Seubert Fr\u00fcchte","isPartOf":{"@id":"https:\/\/seubert-fruechte.de\/#website"},"primaryImageOfPage":{"@id":"https:\/\/seubert-fruechte.de\/index.php\/sortiment\/#primaryimage"},"image":{"@id":"https:\/\/seubert-fruechte.de\/index.php\/sortiment\/#primaryimage"},"thumbnailUrl":"https:\/\/seubert-fruechte.de\/wp-content\/uploads\/2025\/10\/Himbeeren-2-1024x682.jpg","datePublished":"2025-07-29T20:32:24+00:00","dateModified":"2025-10-26T09:20:03+00:00","breadcrumb":{"@id":"https:\/\/seubert-fruechte.de\/index.php\/sortiment\/#breadcrumb"},"inLanguage":"de","potentialAction":[{"@type":"ReadAction","target":["https:\/\/seubert-fruechte.de\/index.php\/sortiment\/"]}]},{"@type":"ImageObject","inLanguage":"de","@id":"https:\/\/seubert-fruechte.de\/index.php\/sortiment\/#primaryimage","url":"https:\/\/seubert-fruechte.de\/wp-content\/uploads\/2025\/10\/Himbeeren-2.jpg","contentUrl":"https:\/\/seubert-fruechte.de\/wp-content\/uploads\/2025\/10\/Himbeeren-2.jpg","width":1280,"height":853},{"@type":"BreadcrumbList","@id":"https:\/\/seubert-fruechte.de\/index.php\/sortiment\/#breadcrumb","itemListElement":[{"@type":"ListItem","position":1,"name":"Startseite","item":"https:\/\/seubert-fruechte.de\/"},{"@type":"ListItem","position":2,"name":"Unser Sortiment"}]},{"@type":"WebSite","@id":"https:\/\/seubert-fruechte.de\/#website","url":"https:\/\/seubert-fruechte.de\/","name":"Seubert Fr\u00fcchte","description":"","potentialAction":[{"@type":"SearchAction","target":{"@type":"EntryPoint","urlTemplate":"https:\/\/seubert-fruechte.de\/?s={search_term_string}"},"query-input":{"@type":"PropertyValueSpecification","valueRequired":true,"valueName":"search_term_string"}}],"inLanguage":"de"}]}},"_links":{"self":[{"href":"https:\/\/seubert-fruechte.de\/index.php\/wp-json\/wp\/v2\/pages\/27","targetHints":{"allow":["GET"]}}],"collection":[{"href":"https:\/\/seubert-fruechte.de\/index.php\/wp-json\/wp\/v2\/pages"}],"about":[{"href":"https:\/\/seubert-fruechte.de\/index.php\/wp-json\/wp\/v2\/types\/page"}],"author":[{"embeddable":true,"href":"https:\/\/seubert-fruechte.de\/index.php\/wp-json\/wp\/v2\/users\/1"}],"replies":[{"embeddable":true,"href":"https:\/\/seubert-fruechte.de\/index.php\/wp-json\/wp\/v2\/comments?post=27"}],"version-history":[{"count":11,"href":"https:\/\/seubert-fruechte.de\/index.php\/wp-json\/wp\/v2\/pages\/27\/revisions"}],"predecessor-version":[{"id":532,"href":"https:\/\/seubert-fruechte.de\/index.php\/wp-json\/wp\/v2\/pages\/27\/revisions\/532"}],"wp:attachment":[{"href":"https:\/\/seubert-fruechte.de\/index.php\/wp-json\/wp\/v2\/media?parent=27"}],"curies":[{"name":"wp","href":"https:\/\/api.w.org\/{rel}","templated":true}]}}