{"id":13,"date":"2025-07-20T22:16:44","date_gmt":"2025-07-20T20:16:44","guid":{"rendered":"https:\/\/preview3.roari.de\/?page_id=13"},"modified":"2025-08-20T22:03:48","modified_gmt":"2025-08-20T20:03:48","slug":"start","status":"publish","type":"page","link":"https:\/\/seubert-fruechte.de\/","title":{"rendered":"Start"},"content":{"rendered":"","protected":false},"excerpt":{"rendered":"","protected":false},"author":1,"featured_media":0,"parent":0,"menu_order":0,"comment_status":"closed","ping_status":"closed","template":"","meta":{"footnotes":""},"class_list":["post-13","page","type-page","status-publish","hentry"],"yoast_head":"<!-- This site is optimized with the Yoast SEO plugin v26.1.1 - https:\/\/yoast.com\/wordpress\/plugins\/seo\/ -->\n<title>Start - Seubert Fr\u00fcchte<\/title>\n<meta name=\"description\" content=\"Seubert Fr\u00fcchte aus Main-Spessart. Ihr Garant f\u00fcr Frische, Qualit\u00e4t und zuverl\u00e4ssige Lieferung rund um Salate, Fr\u00fcchte &amp; Gem\u00fcse \ud83c\udf52\ud83c\udf53\" \/>\n<meta name=\"robots\" content=\"index, follow, max-snippet:-1, max-image-preview:large, max-video-preview:-1\" \/>\n<link rel=\"canonical\" href=\"https:\/\/seubert-fruechte.de\/\" \/>\n<meta property=\"og:locale\" content=\"de_DE\" \/>\n<meta property=\"og:type\" content=\"article\" \/>\n<meta property=\"og:title\" content=\"Start - Seubert Fr\u00fcchte\" \/>\n<meta property=\"og:description\" content=\"Seubert Fr\u00fcchte aus Main-Spessart. Ihr Garant f\u00fcr Frische, Qualit\u00e4t und zuverl\u00e4ssige Lieferung rund um Salate, Fr\u00fcchte &amp; Gem\u00fcse \ud83c\udf52\ud83c\udf53\" \/>\n<meta property=\"og:url\" content=\"https:\/\/seubert-fruechte.de\/\" \/>\n<meta property=\"og:site_name\" content=\"Seubert Fr\u00fcchte\" \/>\n<meta property=\"article:modified_time\" content=\"2025-08-20T20:03:48+00:00\" \/>\n<meta name=\"twitter:card\" content=\"summary_large_image\" \/>\n<script type=\"application\/ld+json\" class=\"yoast-schema-graph\">{\"@context\":\"https:\/\/schema.org\",\"@graph\":[{\"@type\":\"WebPage\",\"@id\":\"https:\/\/seubert-fruechte.de\/\",\"url\":\"https:\/\/seubert-fruechte.de\/\",\"name\":\"Start - Seubert Fr\u00fcchte\",\"isPartOf\":{\"@id\":\"https:\/\/seubert-fruechte.de\/#website\"},\"datePublished\":\"2025-07-20T20:16:44+00:00\",\"dateModified\":\"2025-08-20T20:03:48+00:00\",\"description\":\"Seubert Fr\u00fcchte aus Main-Spessart. Ihr Garant f\u00fcr Frische, Qualit\u00e4t und zuverl\u00e4ssige Lieferung rund um Salate, Fr\u00fcchte & Gem\u00fcse \ud83c\udf52\ud83c\udf53\",\"breadcrumb\":{\"@id\":\"https:\/\/seubert-fruechte.de\/#breadcrumb\"},\"inLanguage\":\"de\",\"potentialAction\":[{\"@type\":\"ReadAction\",\"target\":[\"https:\/\/seubert-fruechte.de\/\"]}]},{\"@type\":\"BreadcrumbList\",\"@id\":\"https:\/\/seubert-fruechte.de\/#breadcrumb\",\"itemListElement\":[{\"@type\":\"ListItem\",\"position\":1,\"name\":\"Startseite\",\"item\":\"https:\/\/seubert-fruechte.de\/\"},{\"@type\":\"ListItem\",\"position\":2,\"name\":\"Start\"}]},{\"@type\":\"WebSite\",\"@id\":\"https:\/\/seubert-fruechte.de\/#website\",\"url\":\"https:\/\/seubert-fruechte.de\/\",\"name\":\"Seubert Fr\u00fcchte\",\"description\":\"\",\"potentialAction\":[{\"@type\":\"SearchAction\",\"target\":{\"@type\":\"EntryPoint\",\"urlTemplate\":\"https:\/\/seubert-fruechte.de\/?s={search_term_string}\"},\"query-input\":{\"@type\":\"PropertyValueSpecification\",\"valueRequired\":true,\"valueName\":\"search_term_string\"}}],\"inLanguage\":\"de\"}]}<\/script>\n<!-- \/ Yoast SEO plugin. -->","yoast_head_json":{"title":"Start - Seubert Fr\u00fcchte","description":"Seubert Fr\u00fcchte aus Main-Spessart. Ihr Garant f\u00fcr Frische, Qualit\u00e4t und zuverl\u00e4ssige Lieferung rund um Salate, Fr\u00fcchte & Gem\u00fcse \ud83c\udf52\ud83c\udf53","robots":{"index":"index","follow":"follow","max-snippet":"max-snippet:-1","max-image-preview":"max-image-preview:large","max-video-preview":"max-video-preview:-1"},"canonical":"https:\/\/seubert-fruechte.de\/","og_locale":"de_DE","og_type":"article","og_title":"Start - Seubert Fr\u00fcchte","og_description":"Seubert Fr\u00fcchte aus Main-Spessart. Ihr Garant f\u00fcr Frische, Qualit\u00e4t und zuverl\u00e4ssige Lieferung rund um Salate, Fr\u00fcchte & Gem\u00fcse \ud83c\udf52\ud83c\udf53","og_url":"https:\/\/seubert-fruechte.de\/","og_site_name":"Seubert Fr\u00fcchte","article_modified_time":"2025-08-20T20:03:48+00:00","twitter_card":"summary_large_image","schema":{"@context":"https:\/\/schema.org","@graph":[{"@type":"WebPage","@id":"https:\/\/seubert-fruechte.de\/","url":"https:\/\/seubert-fruechte.de\/","name":"Start - Seubert Fr\u00fcchte","isPartOf":{"@id":"https:\/\/seubert-fruechte.de\/#website"},"datePublished":"2025-07-20T20:16:44+00:00","dateModified":"2025-08-20T20:03:48+00:00","description":"Seubert Fr\u00fcchte aus Main-Spessart. Ihr Garant f\u00fcr Frische, Qualit\u00e4t und zuverl\u00e4ssige Lieferung rund um Salate, Fr\u00fcchte & Gem\u00fcse \ud83c\udf52\ud83c\udf53","breadcrumb":{"@id":"https:\/\/seubert-fruechte.de\/#breadcrumb"},"inLanguage":"de","potentialAction":[{"@type":"ReadAction","target":["https:\/\/seubert-fruechte.de\/"]}]},{"@type":"BreadcrumbList","@id":"https:\/\/seubert-fruechte.de\/#breadcrumb","itemListElement":[{"@type":"ListItem","position":1,"name":"Startseite","item":"https:\/\/seubert-fruechte.de\/"},{"@type":"ListItem","position":2,"name":"Start"}]},{"@type":"WebSite","@id":"https:\/\/seubert-fruechte.de\/#website","url":"https:\/\/seubert-fruechte.de\/","name":"Seubert Fr\u00fcchte","description":"","potentialAction":[{"@type":"SearchAction","target":{"@type":"EntryPoint","urlTemplate":"https:\/\/seubert-fruechte.de\/?s={search_term_string}"},"query-input":{"@type":"PropertyValueSpecification","valueRequired":true,"valueName":"search_term_string"}}],"inLanguage":"de"}]}},"_links":{"self":[{"href":"https:\/\/seubert-fruechte.de\/index.php\/wp-json\/wp\/v2\/pages\/13","targetHints":{"allow":["GET"]}}],"collection":[{"href":"https:\/\/seubert-fruechte.de\/index.php\/wp-json\/wp\/v2\/pages"}],"about":[{"href":"https:\/\/seubert-fruechte.de\/index.php\/wp-json\/wp\/v2\/types\/page"}],"author":[{"embeddable":true,"href":"https:\/\/seubert-fruechte.de\/index.php\/wp-json\/wp\/v2\/users\/1"}],"replies":[{"embeddable":true,"href":"https:\/\/seubert-fruechte.de\/index.php\/wp-json\/wp\/v2\/comments?post=13"}],"version-history":[{"count":1,"href":"https:\/\/seubert-fruechte.de\/index.php\/wp-json\/wp\/v2\/pages\/13\/revisions"}],"predecessor-version":[{"id":14,"href":"https:\/\/seubert-fruechte.de\/index.php\/wp-json\/wp\/v2\/pages\/13\/revisions\/14"}],"wp:attachment":[{"href":"https:\/\/seubert-fruechte.de\/index.php\/wp-json\/wp\/v2\/media?parent=13"}],"curies":[{"name":"wp","href":"https:\/\/api.w.org\/{rel}","templated":true}]}}